{"id":111,"date":"2025-03-26T12:16:29","date_gmt":"2025-03-26T12:16:29","guid":{"rendered":"https:\/\/hfs.berghemsvanner.se\/?page_id=111"},"modified":"2025-03-30T15:23:25","modified_gmt":"2025-03-30T15:23:25","slug":"superkrafter","status":"publish","type":"page","link":"https:\/\/hfs.berghemsvanner.se\/?page_id=111","title":{"rendered":"Superkrafter"},"content":{"rendered":"\n<figure class=\"wp-block-image\"><img decoding=\"async\" src=\"https:\/\/lh7-rt.googleusercontent.com\/slidesz\/AGV_vUedcJm5tKJcS50ACzcDxHBGiqUjtsiPX4YtH0uBE8x1OTuQMarTNunxfahiyUZBv0yvJ_lE29wx5tsjgwGlbkrPgDpFOjkABv0XmgEUHTzKNRy79qYsIekU9fHAGIOlKFaooIEwLxdopE7hvyz6jg=s2048?key=t6Iw3-q2OSpBMUDShUp9VYH0\" alt=\"\"\/><\/figure>\n\n\n\n<p>Alla superhj\u00e4ltar har krafter. Du f\u00e5r v\u00e4lja tre krafter som g\u00f6r dig unik och format dig till ditt alter ego. Har du s\u00e4rskild hand om djur? \u00c4r du den perfekta spionen eller \u00e4r du den klassiska superhj\u00e4lten som r\u00e4ddar utsatta fr\u00e5n brinnande hus eller p\u00e5g\u00e5ende r\u00e5n?<\/p>\n\n\n\n<p>Men p\u00e5 grund av Dr Gruselius och dennes maskin s\u00e5 har n\u00e4stan alla dina krafter f\u00f6rsvunnit. Du kommer p\u00e5 lajvet kunna ha en aktiv kraft och tv\u00e5 passiva. En aktiv kraft \u00e4r en kraft du kan anv\u00e4nda och som p\u00e5verkar andra. En passiv kraft \u00e4r en kraft du inte kan anv\u00e4nda. Den \u00e4r stoppad av maskinen.<\/p>\n\n\n\n<p>\u00c4ven om du inte kan anv\u00e4nda dina tv\u00e5 passiva krafter s\u00e5 \u00e4r det n\u00e5got som g\u00e5r att prata om p\u00e5 lajvet och som \u00e4r speciellt f\u00f6r ditt alter ego, allts\u00e5 dig som superhj\u00e4lte.<\/p>\n\n\n\n<p><strong>Obs! Du kan enbart anv\u00e4nda din aktiva kraft en g\u00e5ng p\u00e5 lajvet! <\/strong>T\u00e4nk p\u00e5 att vara tydlig s\u00e5 att den som blir utsatt f\u00f6r en kraft h\u00f6r och ser vad du g\u00f6r.<\/p>\n\n\n\n<p>F\u00f6r att anv\u00e4nda sin superkraft lyfter du upp b\u00e5da dina h\u00e4nder i luften och s\u00e4ger eller ropar:<\/p>\n\n\n\n<p>&#8221;Superkraft&#8221;- och sedan beskrivning<\/p>\n\n\n\n<figure class=\"wp-block-image size-large is-resized\"><img loading=\"lazy\" decoding=\"async\" width=\"768\" height=\"1024\" src=\"https:\/\/hfs.berghemsvanner.se\/wp-content\/uploads\/2025\/03\/image-12-768x1024.png\" alt=\"\" class=\"wp-image-189\" style=\"width:362px;height:auto\" srcset=\"https:\/\/hfs.berghemsvanner.se\/wp-content\/uploads\/2025\/03\/image-12-768x1024.png 768w, https:\/\/hfs.berghemsvanner.se\/wp-content\/uploads\/2025\/03\/image-12-225x300.png 225w, https:\/\/hfs.berghemsvanner.se\/wp-content\/uploads\/2025\/03\/image-12-1152x1536.png 1152w, https:\/\/hfs.berghemsvanner.se\/wp-content\/uploads\/2025\/03\/image-12.png 1536w\" sizes=\"auto, (max-width: 768px) 100vw, 768px\" \/><\/figure>\n\n\n\n<p>Tex: &#8221;\u201cSuperkraft, tryckv\u00e5g, du faller till marken\u201d eller &#8221;\u201cSuperkraft- sanning, ber\u00e4tta (vad du vill veta)\u201d <\/p>\n\n\n\n<h2 class=\"wp-block-heading\">Lista p\u00e5 alla superkrafter:<\/h2>\n\n\n\n<figure class=\"wp-block-image\"><img decoding=\"async\" src=\"https:\/\/lh7-rt.googleusercontent.com\/slidesz\/AGV_vUePdAkNK5Yk7PHevwZquOWBDa1LeWqHRxcSGaGZP8LzFsUaPVvtHdKcJtqRgKxdRr2cdT4fVuB3uqCNNpbNYhgQ8Goob4AtT9P0ZEp5yOH_ozoKXfnPyuJxA2oBp9gNhDlvcEgSwqyC-OQbRa_ZM2k=s2048?key=t6Iw3-q2OSpBMUDShUp9VYH0\" alt=\"\"\/><\/figure>\n\n\n\n<p>V\u00e4lj tre krafter &#8211; en aktiv och tv\u00e5 passiva fr\u00e5n listan.&nbsp;<\/p>\n\n\n\n<h2 class=\"wp-block-heading\"><br><strong>AKTIVA KRAFTER<\/strong><\/h2>\n\n\n\n<p><strong>Superlugn<\/strong> &#8211; Du kan lugna en arg\/uppr\u00f6rd person eller en grupp. Effekten varar i 5 min. Du lyfter h\u00e4nderna mot den\/de arga och s\u00e4ger tydligt<strong> \u201cSuperkraft, du\/ni blir lugna i 5 min\u201d.<\/strong><\/p>\n\n\n\n<p><strong>Kroppskontroll<\/strong> &#8211; Du kan ta kontrollen \u00f6ver en persons kropp. Du kan f\u00e5 denne att g\u00f6ra ett kommando. Exempelvis, springa iv\u00e4g, hoppa, l\u00e4mna \u00f6ver ett f\u00f6rem\u00e5l med mera. Effekten varar ett utf\u00f6rt kommando eller 1 minut, Du lyfter h\u00e4nderna mot den du vill kontrollera och s\u00e4ger tydligt <strong>\u201cSuperkraft &#8211; Kontroll, (vad den skall g\u00f6ra) i 1 minut\u201d<\/strong> <\/p>\n\n\n\n<p><strong>Superl\u00e4skig<\/strong> &#8211; Du kan skr\u00e4mma en person. Den skr\u00e4mda personen m\u00e5ste fly fr\u00e5n dig och h\u00e5lla sig borta fr\u00e5n dig i 5 minuter. Du lyfter dina h\u00e4nder mot den du vill skr\u00e4mma och s\u00e4ger tydligt <strong>\u201cSuperkraft &#8211; Superl\u00e4skig, du \u00e4r r\u00e4dd f\u00f6r mig i 5 minuter\u201d.&nbsp;<\/strong><\/p>\n\n\n\n<p><strong>\u00d6vertalning<\/strong> &#8211; Du kan \u00f6vertala en person att avsl\u00f6ja en sanning. Om du misst\u00e4nker att n\u00e5gon d\u00f6ljer n\u00e5got f\u00f6r dig kan du f\u00e5 denne att avsl\u00f6ja en hemlighet. Du kan \u00f6vertala personen att avsl\u00f6ja var denne har g\u00f6mt ett f\u00f6rem\u00e5l, eller avsl\u00f6ja information. Det beh\u00f6ver vara specifikt s\u00e5som att avsl\u00f6ja vart personen g\u00f6mmer sin vattenflaska eller vem som tog din bok.<\/p>\n\n\n\n<p>Du lyfter dina h\u00e4nder mot den du vill \u00f6vertala och s\u00e4ger tydligt <strong>\u201cSuperkraft- sanning, ber\u00e4tta (vad du vill veta)\u201d <\/strong><\/p>\n\n\n\n<p><strong>Sm\u00e4rta<\/strong> &#8211; Du kan orsaka sm\u00e4rta hos en person. Personen som blir utsatt faller ihop och har v\u00e4ldigt ont i 5 minuter. Denne kan inte g\u00f6ra n\u00e5got annat \u00e4n att ligga och ha ont. Du lyfter dina h\u00e4nder mot personen du vill orsaka sm\u00e4rta hos och s\u00e4ger tydligt <strong>\u201cSuperkraft &#8211; sm\u00e4rta, du ramlar ihop i sm\u00e4rta i 5 minuter\u201d.&nbsp;<\/strong><\/p>\n\n\n\n<p><strong>Helare<\/strong> &#8211; Du kan l\u00e4ka en skada hos andra. Den h\u00e4r kraften kan inte l\u00e4ka riktiga skador men skulle en roll i lajvet f\u00e5 en ingame-skada s\u00e5 kan du l\u00e4ka bort den. Du kan \u00e4ven l\u00e4ka bort superkraften Sm\u00e4rta. Du lyfter dina h\u00e4nder mot personen du vill l\u00e4ka och s\u00e4ger tydligt&nbsp; <strong>\u201cSuperkraft &#8211; hela, jag l\u00e4ker dina s\u00e5r\u201d.<\/strong><\/p>\n\n\n\n<p><strong>Tryckv\u00e5g<\/strong> &#8211; Du kan skapa en tryckv\u00e5g som kastar omkull en person. Den utsatta kastas bort n\u00e5gra meter fr\u00e5n dig och ramlar omkull. Du lyfter dina h\u00e4nder mot den du vill trycka bort och s\u00e4ger tydligt <strong>\u201cSuperkraft, tryckv\u00e5g, du faller till marken\u201d.<\/strong><\/p>\n\n\n\n<p><strong>Kontrollera tid<\/strong> &#8211; Du kan stoppa tiden f\u00f6r en stund. Alla i n\u00e4rheten som h\u00f6r dig anv\u00e4nda superkraften fryser i tiden (de stannar upp och st\u00e5r stilla). Effekten varar i 1 minut. Du lyfter h\u00e4nderna i luften och ropar tydligt <strong>\u201cSuperkraft, Stoppa tiden i 1min,\u201d.<\/strong>&nbsp;<\/p>\n\n\n\n<h2 class=\"wp-block-heading\"><br>PASSIVA <strong>KRAFTER<\/strong><\/h2>\n\n\n\n<p><strong>Energistr\u00e5le <\/strong>&#8211; f\u00f6rm\u00e5gan att skjuta en energistr\u00e5le fr\u00e5n ens \u00f6gon och h\u00e4nder.<\/p>\n\n\n\n<p><strong>Animaliska <\/strong>&#8211; f\u00f6rm\u00e5gan att kunna prata med alla djur i v\u00e4rlden f\u00f6rutom vandrande pinnar.<\/p>\n\n\n\n<p><strong>Superskrik <\/strong>&#8211; f\u00f6rm\u00e5gan att skrika s\u00e5 h\u00f6gt att det kan flytta p\u00e5 f\u00f6rem\u00e5l och attackera&nbsp;<\/p>\n\n\n\n<p><strong>Superbra slagsm\u00e5lsteknik<\/strong> &#8211; f\u00f6rm\u00e5gan att vinna n\u00e4stan varje slagsm\u00e5l.<\/p>\n\n\n\n<p><strong>L\u00e4sa tankar<\/strong> &#8211; f\u00f6rm\u00e5gan att l\u00e4sa andra personers tankar, minnen och k\u00e4nslor.<\/p>\n\n\n\n<p><strong>Se in i framtiden<\/strong> &#8211; f\u00f6rm\u00e5gan att se in i framtiden.<\/p>\n\n\n\n<p><strong>R\u00f6ntgensyn<\/strong> &#8211; f\u00f6rm\u00e5gan att se genom f\u00f6rem\u00e5l s\u00e5som v\u00e4ggar, bilar och hela hus.<\/p>\n\n\n\n<p><strong>Giftgas<\/strong> &#8211; f\u00f6rm\u00e5gan att bl\u00e5sa ut giftgas som kan f\u00f6rvirra, skada och s\u00f6va personer.<\/p>\n\n\n\n<p><strong>Supertur<\/strong> &#8211; f\u00f6rm\u00e5gan att ha tur i allt man g\u00f6r.<\/p>\n\n\n\n<p><strong>\u00d6verlevare <\/strong>&#8211; f\u00f6rm\u00e5gan att f\u00f6rvandla kroppen till olika tillst\u00e5nd s\u00e5som r\u00f6k, vatten och sten.<\/p>\n\n\n\n<p><strong>Telepati <\/strong>&#8211; f\u00f6rm\u00e5gan att prata ljudl\u00f6st med andra m\u00e4nniskor.<\/p>\n\n\n\n<p><strong>Puff och iv\u00e4g<\/strong> &#8211; f\u00f6rm\u00e5gan att teleportera sig till en annan plats.<\/p>\n\n\n\n<p><strong>Kontrollera djur<\/strong> &#8211; f\u00f6rm\u00e5gan att kontrollera alla v\u00e4rldens djur.<\/p>\n\n\n\n<p><strong>Kontrollera v\u00e4der<\/strong> &#8211; f\u00f6rm\u00e5gan att kontrollera v\u00e4dret.<\/p>\n\n\n\n<p><strong>Telekinesi<\/strong> &#8211; f\u00f6rm\u00e5gan att lyfta f\u00f6rem\u00e5l och varelser med tankens kraft.<\/p>\n\n\n\n<p><strong>G\u00e5 genom v\u00e4ggar <\/strong>&#8211; f\u00f6rm\u00e5gan att g\u00e5 genom fast materia s\u00e5som v\u00e4ggar och d\u00f6rrar.<\/p>\n\n\n\n<p><strong>Superstark<\/strong> &#8211; f\u00f6rm\u00e5gan att flytta, lyfta eller dra mycket tunga saker.<\/p>\n\n\n\n<p><strong>Of\u00f6rst\u00f6rbar<\/strong> &#8211; f\u00f6rm\u00e5gan att skapa ett osynligt kraftf\u00e4lt som skyddar mot skador.<\/p>\n\n\n\n<p><strong>Supersnabb<\/strong> &#8211; f\u00f6rm\u00e5gan att r\u00f6ra sig v\u00e4ldigt snabbt.&nbsp;<\/p>\n\n\n\n<p><strong>Hydrokinesi <\/strong>&#8211; f\u00f6rm\u00e5gan att skapa och skjuta vattenstr\u00e5lar.<\/p>\n\n\n\n<p><strong>Osynlig <\/strong>&#8211; f\u00f6rm\u00e5gan att g\u00f6ra sig osynlig<\/p>\n\n\n\n<p><strong>Flyga<\/strong> &#8211; f\u00f6rm\u00e5gan att flyga.<\/p>\n\n\n\n<p><strong>Sm\u00e5 eldbollar<\/strong> &#8211; f\u00f6rm\u00e5gan att skapa och skjuta sm\u00e5 eldbollar.<\/p>\n\n\n\n<p><strong>Superh\u00f6rsel<\/strong> &#8211; f\u00f6rm\u00e5gan att h\u00f6ra hj\u00e4rtslag, ljud l\u00e5ngt bort och p\u00e5 andra sidan v\u00e4ggen.<\/p>\n","protected":false},"excerpt":{"rendered":"<p>Alla superhj\u00e4ltar har krafter. Du f\u00e5r v\u00e4lja tre krafter som g\u00f6r dig unik och format dig till ditt alter ego. Har du s\u00e4rskild hand om djur? \u00c4r du den perfekta spionen eller \u00e4r du den klassiska superhj\u00e4lten som r\u00e4ddar utsatta fr\u00e5n brinnande hus eller p\u00e5g\u00e5ende r\u00e5n? Men p\u00e5 grund av Dr Gruselius och dennes maskin&#8230;<\/p>\n","protected":false},"author":1,"featured_media":0,"parent":0,"menu_order":0,"comment_status":"closed","ping_status":"closed","template":"","meta":{"footnotes":""},"class_list":["post-111","page","type-page","status-publish","hentry"],"_links":{"self":[{"href":"https:\/\/hfs.berghemsvanner.se\/index.php?rest_route=\/wp\/v2\/pages\/111","targetHints":{"allow":["GET"]}}],"collection":[{"href":"https:\/\/hfs.berghemsvanner.se\/index.php?rest_route=\/wp\/v2\/pages"}],"about":[{"href":"https:\/\/hfs.berghemsvanner.se\/index.php?rest_route=\/wp\/v2\/types\/page"}],"author":[{"embeddable":true,"href":"https:\/\/hfs.berghemsvanner.se\/index.php?rest_route=\/wp\/v2\/users\/1"}],"replies":[{"embeddable":true,"href":"https:\/\/hfs.berghemsvanner.se\/index.php?rest_route=%2Fwp%2Fv2%2Fcomments&post=111"}],"version-history":[{"count":9,"href":"https:\/\/hfs.berghemsvanner.se\/index.php?rest_route=\/wp\/v2\/pages\/111\/revisions"}],"predecessor-version":[{"id":214,"href":"https:\/\/hfs.berghemsvanner.se\/index.php?rest_route=\/wp\/v2\/pages\/111\/revisions\/214"}],"wp:attachment":[{"href":"https:\/\/hfs.berghemsvanner.se\/index.php?rest_route=%2Fwp%2Fv2%2Fmedia&parent=111"}],"curies":[{"name":"wp","href":"https:\/\/api.w.org\/{rel}","templated":true}]}}