{"id":114,"date":"2025-03-26T12:17:07","date_gmt":"2025-03-26T12:17:07","guid":{"rendered":"https:\/\/hfs.berghemsvanner.se\/?page_id=114"},"modified":"2025-03-29T09:03:00","modified_gmt":"2025-03-29T09:03:00","slug":"varlden","status":"publish","type":"page","link":"https:\/\/hfs.berghemsvanner.se\/?page_id=114","title":{"rendered":"V\u00e4rlden"},"content":{"rendered":"\n<figure class=\"wp-block-image size-full is-resized\"><img loading=\"lazy\" decoding=\"async\" width=\"2048\" height=\"1152\" src=\"https:\/\/hfs.berghemsvanner.se\/wp-content\/uploads\/2025\/03\/d6eb37a5-d99c-4186-b7ee-e8e003785775-2.jpg\" alt=\"\" class=\"wp-image-148\" style=\"width:650px;height:auto\" srcset=\"https:\/\/hfs.berghemsvanner.se\/wp-content\/uploads\/2025\/03\/d6eb37a5-d99c-4186-b7ee-e8e003785775-2.jpg 2048w, https:\/\/hfs.berghemsvanner.se\/wp-content\/uploads\/2025\/03\/d6eb37a5-d99c-4186-b7ee-e8e003785775-2-300x169.jpg 300w, https:\/\/hfs.berghemsvanner.se\/wp-content\/uploads\/2025\/03\/d6eb37a5-d99c-4186-b7ee-e8e003785775-2-1024x576.jpg 1024w, https:\/\/hfs.berghemsvanner.se\/wp-content\/uploads\/2025\/03\/d6eb37a5-d99c-4186-b7ee-e8e003785775-2-768x432.jpg 768w, https:\/\/hfs.berghemsvanner.se\/wp-content\/uploads\/2025\/03\/d6eb37a5-d99c-4186-b7ee-e8e003785775-2-1536x864.jpg 1536w\" sizes=\"auto, (max-width: 2048px) 100vw, 2048px\" \/><\/figure>\n\n\n\n<p><strong>Handbok f\u00f6r superhj\u00e4ltar<\/strong> utspelar sig i nutid, i en v\u00e4rld som p\u00e5 m\u00e5nga s\u00e4tt liknar v\u00e5r egen. Tekniken \u00e4r densamma, och allt ni k\u00e4nner igen fr\u00e5n v\u00e5r verklighet finns \u00e4ven h\u00e4r. Den enda riktigt stora skillnaden \u00e4r att det i denna v\u00e4rld existerar superhj\u00e4ltar.<\/p>\n\n\n\n<p>Lajvet \u00e4r baserat p\u00e5 bokserien <em>Handbok f\u00f6r superhj\u00e4ltar<\/em>, och de \u00e4ventyr som karakt\u00e4ren R\u00f6da Masken f\u00e5r uppleva. Att ha l\u00e4st bokserien kan ge en f\u00f6rdjupad upplevelse, men det \u00e4r inget krav eller n\u00f6dv\u00e4ndighet f\u00f6r att kunna delta p\u00e5 lajvet.<\/p>\n\n\n\n<p><\/p>\n\n\n\n<h2 class=\"wp-block-heading\">Rosenhill<\/h2>\n\n\n\n<figure class=\"wp-block-image\"><img decoding=\"async\" src=\"https:\/\/lh7-rt.googleusercontent.com\/slidesz\/AGV_vUcBXtqiLLS89BD68-GcgMU1nM0Iostkhtyexgoc0XF5X38C_CAeBsbEVwQS-awrdQ7vxh44UizbcINSWaQEmPRJZsHa_iKqsxGQdAqAglhYuevbv5iAQ_NQkt54AOTnYyhJ4U3oU4p8jTXFQ5dRwA=s2048?key=41ZcXABsCqs9EX0M4xuqxRLB\" alt=\"\"\/><\/figure>\n\n\n\n<p>Staden <strong>Rosenhill<\/strong> ligger in-lajv cirka 20 minuter fr\u00e5n lajvomr\u00e5det d\u00e4r sommarl\u00e4gret ska \u00e4ga rum. Det \u00e4r en mellanstor stad med en polisstation, flera skolor, aff\u00e4rer, en biosalong, en hamn, en bowlinghall och ett sjukhus \u2013 kort sagt, det mesta som finns i en vanlig stad.<\/p>\n\n\n\n<p>Polischefen i Rosenhill har ibland samarbetat med R\u00f6da Masken, som \u00e4r stadens stora k\u00e4ndis. Staden har flera olika stadsdelar, d\u00e4r det b\u00e5de finns villor och l\u00e4genheter. Vissa omr\u00e5den \u00e4r mer st\u00f6kiga, s\u00e4rskilt i hamnen, d\u00e4r kriminella g\u00e4ng f\u00f6rs\u00f6ker ta kontroll.<\/p>\n\n\n\n<p>Stadshuset, biblioteket, banken och museet har vid flera tillf\u00e4llen blivit utsatta f\u00f6r r\u00e5n. Har du varit med och skyddat dessa platser \u2013 och m\u00e4nniskorna som arbetar d\u00e4r?<\/p>\n\n\n\n<h2 class=\"wp-block-heading\">R\u00f6da masken och Handbok f\u00f6r superhj\u00e4ltar<\/h2>\n\n\n\n<p>Den allra f\u00f6rsta superhj\u00e4lten i Rosenhill var R\u00f6da Masken. Hon l\u00e4rde sig sina krafter fr\u00e5n boken &#8221;Handbok f\u00f6r superhj\u00e4ltar&#8221;, det har \u00e4ven ni gjort. Ni har alla varit l\u00e4rlingar hos R\u00f6da Masken f\u00f6r att kunna skydda staden, men ocks\u00e5 f\u00f6r att  i framtiden kunna hj\u00e4lpa andra st\u00e4der. Det n\u00e4mligen inte bara i Rosenhill som det finns kriminella g\u00e4ng. R\u00f6da Masken s\u00e5g n\u00e5got s\u00e4rskilt i er. Ni hj\u00e4lper de svaga och \u00e4r modiga, p\u00e5 ert s\u00e4tt. R\u00f6da Masken och hennes v\u00e4nner startade gruppen &#8221;<em><strong>Alla f\u00f6r en<\/strong><\/em>&#8221; som ni alla \u00e4r en del av.<\/p>\n\n\n\n<p>Ni kan ha hj\u00e4lpt R\u00f6da Masken och hennes n\u00e4rmsta v\u00e4nner att bek\u00e4mpa brott eller s\u00e5 \u00e4r ni nya och har inte riktigt kommit ig\u00e5ng med att praktisera era krafter ute p\u00e5 stan. Ni v\u00e4ljer sj\u00e4lv hur erfarna superhj\u00e4ltar ni \u00e4r. R\u00f6da Masken har gett er alla i uppdrag att ta er ut till sommarl\u00e4gret och stoppa det som p\u00e5g\u00e5r d\u00e4r. Sj\u00e4lv \u00e4r hon upptagen med att f\u00f6rf\u00f6lja en farlig g\u00e4ngledare som rymt fr\u00e5n f\u00e4ngelset.<\/p>\n\n\n\n<p>Det \u00e4r viktigt att h\u00e5lla ert alter ego hemligt! En superhj\u00e4lte avsl\u00f6jar inte sin riktiga identitet. Det kan s\u00e4tta din familj och v\u00e4nner i fara. P\u00e5 l\u00e4gret f\u00e5r ni vara f\u00f6rsiktiga och unders\u00f6ka platsen som ert vanliga jag. N\u00e4r ni ska bege er ut fr\u00e5n l\u00e4gret s\u00e5 kan ni ta p\u00e5 era superhj\u00e4lte-dr\u00e4kter och unders\u00f6ka samt m\u00f6ta dr Gruselius lakejer.<\/p>\n\n\n\n<h2 class=\"wp-block-heading\">Dr. Gruselius<\/h2>\n\n\n\n<figure class=\"wp-block-image\"><img decoding=\"async\" src=\"https:\/\/lh7-rt.googleusercontent.com\/slidesz\/AGV_vUfMwmSrKGJ_byW1iUzayuOHqcj44f-vk_T9n9DOp0LeLReMvI6hZsGhkVHndJPm3oV_dlhpElk7PKJuYkh15YqYBZS2YWvzG5DB5dYdQW0X9phnQfd284Q-yzJZdu4Jg5UvtjR6g4vfgC6QzLPFxw=s2048?key=FP6VLgYQQEuJ2bcJnjZ8jKEh\" alt=\"\"\/><\/figure>\n\n\n\n<p>Dr. Gruselius b\u00f6rjade sin karri\u00e4r som en k\u00e4nd uppfinnare som byggde maskiner och mackap\u00e4rer. Hens uppfinningar var t\u00e4nkta att hj\u00e4lpa m\u00e4nniskor i vardagen, men de visade sig vara dyra att tillverka och inte s\u00e4rskilt anv\u00e4ndbara.<\/p>\n\n\n\n<p>Misslyckandena ledde till att Gruselius b\u00f6rjade r\u00e5na banker f\u00f6r att till ha r\u00e5d att bygga en maskin som skulle imponera p\u00e5 hela v\u00e4rlden. Men innan planen kunde bli verklighet, stoppades doktorn av R\u00f6da Masken. Dr. Gruselius hamnade i Rosenhills f\u00e4ngelse f\u00f6r alla r\u00e5n hen beg\u00e5tt, men lyckades f\u00f6r n\u00e5gra m\u00e5nader sedan rymma fr\u00e5n sin cell \u2013 full av nya, f\u00f6r\u00f6dande id\u00e9er.<\/p>\n\n\n\n<p>Det \u00e4r nu sommar och superhj\u00e4ltarnas krafter har av n\u00e5gon mystisk anledning b\u00f6rjat kr\u00e5ngla. Ibland funkar de och ibland inte. Det har orsakat jobbiga stunder n\u00e4r superhj\u00e4ltarna bek\u00e4mpat skurkar.\u00a0<\/p>\n\n\n\n<p>R\u00f6da masken kallade till ett m\u00f6te mellan alla superhj\u00e4ltar som finns i staden och runt Rosenhill. Varf\u00f6r kr\u00e5nglar krafterna? Med gemensamma krafter och detektivarbete har ledtr\u00e5darna lett till ett l\u00e4geromr\u00e5de utanf\u00f6r Rosenhill. Det har visat sig att Dr Gruselius beh\u00f6ver pengar till sitt arbete och d\u00e4rf\u00f6r har han anordnat ett sommarl\u00e4ger f\u00f6r barn.\u00a0Superhj\u00e4ltarna tror att Dr Gruselius i l\u00f6nndom bygger en maskin som ska ber\u00f6va alla superhj\u00e4ltar sina krafter permanent. Men varf\u00f6r bygga maskinen just h\u00e4r? Och hur skall hen stoppas?  Det \u00e4r upp till er!<\/p>\n\n\n\n<p>Ni har alla lyckats f\u00e5 en plats p\u00e5 l\u00e4gret och l\u00e5tsas vara \u201cvanliga\u201d barn d\u00e4r. Kan ni stoppa dr Gruselius planer och f\u00e5 tillbaka era krafter?<\/p>\n","protected":false},"excerpt":{"rendered":"<p>Handbok f\u00f6r superhj\u00e4ltar utspelar sig i nutid, i en v\u00e4rld som p\u00e5 m\u00e5nga s\u00e4tt liknar v\u00e5r egen. Tekniken \u00e4r densamma, och allt ni k\u00e4nner igen fr\u00e5n v\u00e5r verklighet finns \u00e4ven h\u00e4r. Den enda riktigt stora skillnaden \u00e4r att det i denna v\u00e4rld existerar superhj\u00e4ltar. Lajvet \u00e4r baserat p\u00e5 bokserien Handbok f\u00f6r superhj\u00e4ltar, och de \u00e4ventyr&#8230;<\/p>\n","protected":false},"author":1,"featured_media":0,"parent":0,"menu_order":0,"comment_status":"closed","ping_status":"closed","template":"","meta":{"footnotes":""},"class_list":["post-114","page","type-page","status-publish","hentry"],"_links":{"self":[{"href":"https:\/\/hfs.berghemsvanner.se\/index.php?rest_route=\/wp\/v2\/pages\/114","targetHints":{"allow":["GET"]}}],"collection":[{"href":"https:\/\/hfs.berghemsvanner.se\/index.php?rest_route=\/wp\/v2\/pages"}],"about":[{"href":"https:\/\/hfs.berghemsvanner.se\/index.php?rest_route=\/wp\/v2\/types\/page"}],"author":[{"embeddable":true,"href":"https:\/\/hfs.berghemsvanner.se\/index.php?rest_route=\/wp\/v2\/users\/1"}],"replies":[{"embeddable":true,"href":"https:\/\/hfs.berghemsvanner.se\/index.php?rest_route=%2Fwp%2Fv2%2Fcomments&post=114"}],"version-history":[{"count":11,"href":"https:\/\/hfs.berghemsvanner.se\/index.php?rest_route=\/wp\/v2\/pages\/114\/revisions"}],"predecessor-version":[{"id":168,"href":"https:\/\/hfs.berghemsvanner.se\/index.php?rest_route=\/wp\/v2\/pages\/114\/revisions\/168"}],"wp:attachment":[{"href":"https:\/\/hfs.berghemsvanner.se\/index.php?rest_route=%2Fwp%2Fv2%2Fmedia&parent=114"}],"curies":[{"name":"wp","href":"https:\/\/api.w.org\/{rel}","templated":true}]}}