{"id":127,"date":"2025-03-26T12:36:54","date_gmt":"2025-03-26T12:36:54","guid":{"rendered":"https:\/\/hfs.berghemsvanner.se\/?page_id=127"},"modified":"2025-03-30T15:21:06","modified_gmt":"2025-03-30T15:21:06","slug":"superdrakten","status":"publish","type":"page","link":"https:\/\/hfs.berghemsvanner.se\/?page_id=127","title":{"rendered":"Superdr\u00e4kten"},"content":{"rendered":"\n<figure class=\"wp-block-image\"><img decoding=\"async\" src=\"https:\/\/lh7-rt.googleusercontent.com\/slidesz\/AGV_vUf5QocGImqgwITMWbc8GUYuPI2Mx9NGJhrbvCVy_h2KqdxB7QRXBBU2Rj0AUmzoY9FH3vdPI5kACoLNkvtggCF61eK-xj81R6-Vlp4FmSsgTR35hrQPPmzR5awOxcrLr2i-m5jTpUyoJBuXMWYjIQ=s2048?key=41ZcXABsCqs9EX0M4xuqxRLB\" alt=\"\"\/><\/figure>\n\n\n\n<p>Alla superhj\u00e4ltar har en superdr\u00e4kt. Det \u00e4r viktigt att inte avsl\u00f6ja din identitet, vem du \u00e4r. F\u00f6r d\u00e5 kan skurkar skada din familj och v\u00e4nner. R\u00f6da Masken har tillexempel en r\u00f6d pyjamas med \u00f6gonmask.<\/p>\n\n\n\n<p>Dr\u00e4kten beh\u00f6ver inte vara avancerad, det viktigaste \u00e4r att du har en \u00f6gonmask s\u00e5 att du inte blir igenk\u00e4nd. Men dr\u00e4kten f\u00e5r vara spexig eller enf\u00e4rgad. Det \u00e4r upp till dig. Om du har djur-krafter kanske dr\u00e4kten har en djur-detalj? Exempelvis diadem med djur-\u00f6ron. Kan du se in i framtiden kan du ha ett \u00f6ga p\u00e5 dr\u00e4kten osv.<\/p>\n\n\n\n<p><\/p>\n","protected":false},"excerpt":{"rendered":"<p>Alla superhj\u00e4ltar har en superdr\u00e4kt. Det \u00e4r viktigt att inte avsl\u00f6ja din identitet, vem du \u00e4r. F\u00f6r d\u00e5 kan skurkar skada din familj och v\u00e4nner. R\u00f6da Masken har tillexempel en r\u00f6d pyjamas med \u00f6gonmask. Dr\u00e4kten beh\u00f6ver inte vara avancerad, det viktigaste \u00e4r att du har en \u00f6gonmask s\u00e5 att du inte blir igenk\u00e4nd. Men dr\u00e4kten&#8230;<\/p>\n","protected":false},"author":1,"featured_media":0,"parent":0,"menu_order":0,"comment_status":"closed","ping_status":"closed","template":"","meta":{"footnotes":""},"class_list":["post-127","page","type-page","status-publish","hentry"],"_links":{"self":[{"href":"https:\/\/hfs.berghemsvanner.se\/index.php?rest_route=\/wp\/v2\/pages\/127","targetHints":{"allow":["GET"]}}],"collection":[{"href":"https:\/\/hfs.berghemsvanner.se\/index.php?rest_route=\/wp\/v2\/pages"}],"about":[{"href":"https:\/\/hfs.berghemsvanner.se\/index.php?rest_route=\/wp\/v2\/types\/page"}],"author":[{"embeddable":true,"href":"https:\/\/hfs.berghemsvanner.se\/index.php?rest_route=\/wp\/v2\/users\/1"}],"replies":[{"embeddable":true,"href":"https:\/\/hfs.berghemsvanner.se\/index.php?rest_route=%2Fwp%2Fv2%2Fcomments&post=127"}],"version-history":[{"count":3,"href":"https:\/\/hfs.berghemsvanner.se\/index.php?rest_route=\/wp\/v2\/pages\/127\/revisions"}],"predecessor-version":[{"id":212,"href":"https:\/\/hfs.berghemsvanner.se\/index.php?rest_route=\/wp\/v2\/pages\/127\/revisions\/212"}],"wp:attachment":[{"href":"https:\/\/hfs.berghemsvanner.se\/index.php?rest_route=%2Fwp%2Fv2%2Fmedia&parent=127"}],"curies":[{"name":"wp","href":"https:\/\/api.w.org\/{rel}","templated":true}]}}