{"id":36,"date":"2025-03-25T21:48:32","date_gmt":"2025-03-25T21:48:32","guid":{"rendered":"https:\/\/hfs.berghemsvanner.se\/?page_id=36"},"modified":"2025-03-30T15:20:15","modified_gmt":"2025-03-30T15:20:15","slug":"regler","status":"publish","type":"page","link":"https:\/\/hfs.berghemsvanner.se\/?page_id=36","title":{"rendered":"Regler"},"content":{"rendered":"\n<p><\/p>\n\n\n\n<h2 class=\"wp-block-heading\">Alkohol, tobak och droger<\/h2>\n\n\n\n<p>Handbok f\u00f6r superhj\u00e4ltar \u00e4r helt alkohol- och drogfritt. Detta f\u00e5r inte f\u00f6rekomma p\u00e5 lajvomr\u00e5det, varken innan eller efter avslutat lajv. Den som bryter mot denna regel kan bli avvisad fr\u00e5n lajvet och nekas deltagande i framtida lajv. \u00c4ven drycker med l\u00e5g alkoholhalt, s\u00e5som l\u00e4tt\u00f6l, \u00e4r inte till\u00e5tna \u2013 endast helt alkoholfria alternativ \u00e4r godk\u00e4nda.<\/p>\n\n\n\n<p>R\u00f6kning f\u00e5r endast ske p\u00e5 den anvisade platsen vid v\u00e4ndplanen.<\/p>\n\n\n\n<h2 class=\"wp-block-heading\">Boendefrid och T\u00e4ltfrid<\/h2>\n\n\n\n<p>Alla hus i byn \u00e4r \u00f6ppna f\u00f6r alla under dag- och kv\u00e4llstid, och du beh\u00f6ver inte ha n\u00e5got tillst\u00e5nd fr\u00e5n de som bor i huset f\u00f6r att g\u00e5 in. D\u00e4remot, om n\u00e5gon ligger och sover eller vilar f\u00e5r man inte g\u00e5 in och st\u00f6ra. <\/p>\n\n\n\n<p>I t\u00e4lt r\u00e5der total t\u00e4ltfrid, vilket inneb\u00e4r att man inte f\u00e5r g\u00e5 in i n\u00e5gons t\u00e4lt om det inte \u00e4r off-godk\u00e4nt av dem som bor d\u00e4r, oavsett tid p\u00e5 dygnet.<\/p>\n\n\n\n<h2 class=\"wp-block-heading\">Djur<\/h2>\n\n\n\n<p>Det r\u00e5der djurf\u00f6rbud p\u00e5 lajvet. Om du har behov av assistansdjur s\u00e5 kontakta arr i f\u00f6rv\u00e4g.<\/p>\n\n\n\n<h2 class=\"wp-block-heading\">Eld<\/h2>\n\n\n\n<p><strong>Eld och ljus f\u00e5r endast t\u00e4ndas av vuxna. <\/strong><\/p>\n\n\n\n<p>Eld f\u00e5r bara t\u00e4ndas i godk\u00e4nda eldst\u00e4der. Detta \u00e4r order fr\u00e5n brandmyndigheterna. En \u00f6ppen l\u00e5ga f\u00e5r aldrig n\u00e5gonsin l\u00e4mnas obevakad. Ljus eller oljelampor skall vara v\u00e4l f\u00f6rankrade s\u00e5 att de inte kan v\u00e4lta. L\u00e4mna aldrig ljus eller lampa brinnande om du inte \u00e4r i huset. Alla hus \u00e4r utrustade med en brandvarnare, ta g\u00e4rna en extra koll att batteriet \u00e4r fungerande. G\u00e5 aldrig ifr\u00e5n en eldstad d\u00e4r det finns gl\u00f6d kvar och ha alltid en hink med vatten i beredskap.<\/p>\n\n\n\n<p>Om du h\u00f6r ordet \u201dSKARP ELD\u201d \u00e4r det eldsv\u00e5da p\u00e5 g\u00e5ng. D\u00e5 ska du genast ta dig till v\u00e4ndplanen vid byn. L\u00e4mna allt och skynda dig s\u00e5 mycket du kan. Ni som ing\u00e5r i en grupp skall h\u00e5lla er hos gruppen n\u00e4r ni kommit till samlingen. Vid byn har vi en sammanr\u00e4kning och du f\u00e5r reda p\u00e5 vad som g\u00e4ller.<\/p>\n\n\n\n<h2 class=\"wp-block-heading\">Omr\u00e5det och kalhyggen<\/h2>\n\n\n\n<p>Det g\u00e5r utm\u00e4rkt att bada i b\u00e4cken nedanf\u00f6r byn, men du f\u00e5r aldrig g\u00e5 ensam \u2013 alltid i s\u00e4llskap med en vuxen. Om du ska anv\u00e4nda tv\u00e5l eller schampo, se till att det \u00e4r av ett milj\u00f6m\u00e4rke som inte skadar naturen.<\/p>\n\n\n\n<p>Du f\u00e5r inte hugga ner tr\u00e4d eller buskar, men det g\u00e5r bra att plocka upp nedfallna grenar och liknande. Det finns ocks\u00e5 ett antal kalhyggen runtom byn, och vissa av dessa \u00e4r nyplanterade och f\u00e5r inte betr\u00e4das. Vilka kalhyggen som ber\u00f6rs av detta kommer att meddelas senast p\u00e5 offm\u00f6tet innan lajvet.<\/p>\n\n\n\n<p>Efter lajvet l\u00e4mnar vi omr\u00e5det i samma skick som n\u00e4r vi kom, eller b\u00e4ttre.<\/p>\n\n\n\n<h2 class=\"wp-block-heading\">Skador<\/h2>\n\n\n\n<p>Allvarliga och akuta skador g\u00e5r alltid f\u00f6re lajvaktivitet! P\u00e5kalla hj\u00e4lp omedelbart genom att ropa \u201cSKARP SKADA\u201d och peka p\u00e5 den skadade personen.<\/p>\n\n\n\n<p>Mindre skador som inte \u00e4r akuta kan hanteras diskret. I v\u00e4rdshuset finns tillg\u00e5ng till f\u00f6rstahj\u00e4lpenutrustning, pl\u00e5ster och annan enklare utrustning. Du f\u00f6rv\u00e4ntas dock ta med eget, s\u00e5 ta med eventuella mediciner eller motsvarande om du vet att du kommer att beh\u00f6va dem (t.ex. f\u00f6r allergier, huvudv\u00e4rk osv.). Gl\u00f6m inte att packa myggmedel. <\/p>\n\n\n\n<p>Det kommer att finnas en sjukv\u00e5rdsansvarig p\u00e5 lajvet som har ansvar f\u00f6r att hantera akuta skador.<\/p>\n\n\n\n<p><\/p>\n","protected":false},"excerpt":{"rendered":"<p>Alkohol, tobak och droger Handbok f\u00f6r superhj\u00e4ltar \u00e4r helt alkohol- och drogfritt. Detta f\u00e5r inte f\u00f6rekomma p\u00e5 lajvomr\u00e5det, varken innan eller efter avslutat lajv. Den som bryter mot denna regel kan bli avvisad fr\u00e5n lajvet och nekas deltagande i framtida lajv. \u00c4ven drycker med l\u00e5g alkoholhalt, s\u00e5som l\u00e4tt\u00f6l, \u00e4r inte till\u00e5tna \u2013 endast helt alkoholfria&#8230;<\/p>\n","protected":false},"author":1,"featured_media":0,"parent":0,"menu_order":0,"comment_status":"closed","ping_status":"closed","template":"","meta":{"footnotes":""},"class_list":["post-36","page","type-page","status-publish","hentry"],"_links":{"self":[{"href":"https:\/\/hfs.berghemsvanner.se\/index.php?rest_route=\/wp\/v2\/pages\/36","targetHints":{"allow":["GET"]}}],"collection":[{"href":"https:\/\/hfs.berghemsvanner.se\/index.php?rest_route=\/wp\/v2\/pages"}],"about":[{"href":"https:\/\/hfs.berghemsvanner.se\/index.php?rest_route=\/wp\/v2\/types\/page"}],"author":[{"embeddable":true,"href":"https:\/\/hfs.berghemsvanner.se\/index.php?rest_route=\/wp\/v2\/users\/1"}],"replies":[{"embeddable":true,"href":"https:\/\/hfs.berghemsvanner.se\/index.php?rest_route=%2Fwp%2Fv2%2Fcomments&post=36"}],"version-history":[{"count":5,"href":"https:\/\/hfs.berghemsvanner.se\/index.php?rest_route=\/wp\/v2\/pages\/36\/revisions"}],"predecessor-version":[{"id":211,"href":"https:\/\/hfs.berghemsvanner.se\/index.php?rest_route=\/wp\/v2\/pages\/36\/revisions\/211"}],"wp:attachment":[{"href":"https:\/\/hfs.berghemsvanner.se\/index.php?rest_route=%2Fwp%2Fv2%2Fmedia&parent=36"}],"curies":[{"name":"wp","href":"https:\/\/api.w.org\/{rel}","templated":true}]}}