{"id":41,"date":"2025-03-25T21:50:52","date_gmt":"2025-03-25T21:50:52","guid":{"rendered":"https:\/\/hfs.berghemsvanner.se\/?page_id=41"},"modified":"2025-03-26T12:10:06","modified_gmt":"2025-03-26T12:10:06","slug":"om-byn","status":"publish","type":"page","link":"https:\/\/hfs.berghemsvanner.se\/?page_id=41","title":{"rendered":"Om byn"},"content":{"rendered":"\n<p>Berghem \u00e4r en av de \u00e4ldsta lavjbyarna i Sverige. Den best\u00e5r av ett tjugotal enkla stugor, ett v\u00e4rdshus, torrdass, vattenbrunn och samlingshus mitt ute i den sm\u00e5l\u00e4ndska skogen, l\u00e5ngt ifr\u00e5n el och rinnande vatten. De f\u00f6rsta stugorna byggdes av ungdomar fr\u00e5n trakten. Det var enkla tr\u00e4stugor som byggdes som \u201dkulisser\u201d d\u00e4r de kunde ha lajv utan att st\u00f6ra och bli st\u00f6rda. Flera av stugorna som ungdomarna byggde \u00e4r fortfarande kvar, men allteftersom fler har hittat till byn f\u00f6r att ha lajv, har den v\u00e4xt och husen har blivit fler. H\u00e4r f\u00e5r man en k\u00e4nsla av att resa tillbaka i tiden. Ena veckan befinner du dig p\u00e5 vikingatiden, n\u00e4sta \u00e4r du p\u00e5 medeltiden eller 1800-talet. Husen \u00e4r inte tidstypiska f\u00f6r n\u00e5gon tids\u00e5lder, \u00e4ven om flera \u00e4r inspirerade av byggnadsstilar fr\u00e5n olika tidsepoker. Gamla byggnadsmetoder blandas med nya, men k\u00e4nslan ska alltid vara liten by f\u00f6r l\u00e4nge sedan under l\u00e4gereldarnas tid.<\/p>\n\n\n\n<figure class=\"wp-block-image size-full\"><img loading=\"lazy\" decoding=\"async\" width=\"768\" height=\"614\" src=\"https:\/\/hfs.berghemsvanner.se\/wp-content\/uploads\/2025\/03\/karta2.jpg\" alt=\"\" class=\"wp-image-57\" srcset=\"https:\/\/hfs.berghemsvanner.se\/wp-content\/uploads\/2025\/03\/karta2.jpg 768w, https:\/\/hfs.berghemsvanner.se\/wp-content\/uploads\/2025\/03\/karta2-300x240.jpg 300w\" sizes=\"auto, (max-width: 768px) 100vw, 768px\" \/><\/figure>\n\n\n\n<h2 class=\"wp-block-heading\">V\u00e4gbeskrivning<\/h2>\n\n\n\n<p>Berghem ligger utanf\u00f6r Skillingaryd i Sm\u00e5land och finns p\u00e5 Google maps under: &#8221;Berghems lajvby&#8221;<\/p>\n\n\n\n<figure class=\"wp-block-image size-large\"><img loading=\"lazy\" decoding=\"async\" width=\"1024\" height=\"530\" src=\"https:\/\/hfs.berghemsvanner.se\/wp-content\/uploads\/2025\/03\/karta-1024x530.jpg\" alt=\"\" class=\"wp-image-55\" srcset=\"https:\/\/hfs.berghemsvanner.se\/wp-content\/uploads\/2025\/03\/karta-1024x530.jpg 1024w, https:\/\/hfs.berghemsvanner.se\/wp-content\/uploads\/2025\/03\/karta-300x155.jpg 300w, https:\/\/hfs.berghemsvanner.se\/wp-content\/uploads\/2025\/03\/karta-768x398.jpg 768w, https:\/\/hfs.berghemsvanner.se\/wp-content\/uploads\/2025\/03\/karta.jpg 1282w\" sizes=\"auto, (max-width: 1024px) 100vw, 1024px\" \/><\/figure>\n\n\n\n<p><strong>Fr\u00e5n Skillingaryd:<br><\/strong>K\u00f6r Valdshultsv\u00e4gen mot Nyholm\/ \u00d6reryd.<br>K\u00f6r h\u00f6ger i fyrv\u00e4gskorsningen vid bron (till v\u00e4nster st\u00e5r det skyltat Kyll\u00e5s).<br>F\u00f6lj grusv\u00e4gen ca 1,5 km.<br>Sv\u00e4ng h\u00f6ger in p\u00e5 mindre grusv\u00e4g. (P\u00e5 h\u00f6ger sida st\u00e5r det en runsten, se bild nedan.) F\u00f6lj grusv\u00e4gen upp till byn. V\u00e4gen \u00e4r smal, kurvig och skumpig. Ta det lugnt!<br>I slutet av v\u00e4gen kommer du till en grusplan. H\u00e4r \u00e4r det l\u00e4mpligt att lasta av packning eller parkera beroende p\u00e5 arrangemang.<br>Fr\u00e5n grusplanen g\u00e5r det en mindre v\u00e4g in i byn. V\u00e4gen anv\u00e4nds fr\u00e4mst som g\u00e5ngv\u00e4g, men g\u00e5r \u00e4ven att anv\u00e4nda f\u00f6r transport av utrustning, mat, ved, t\u00e4lt och liknande f\u00f6re och efter lajv.<\/p>\n\n\n\n<p><strong>GPS-Koordinater f\u00f6r exakt plats:<br><\/strong>WGS 84:N 57\u00b0 28.184\u2032, E 13\u00b0 56.265\u2032<br>WGS 84 \u2013 decimal:57.46973, 13.93774<br>RT90:6373134, 1387951<br>SWEREF99:6370174, 436287<\/p>\n\n\n\n<h2 class=\"wp-block-heading\">Boende &amp; viktig info f\u00f6r husf\u00f6rvaltare<\/h2>\n\n\n\n<p>Begr\u00e4nsat antal platser i hus finns \u2013 anm\u00e4l dig innan sista anm\u00e4lningsdatum f\u00f6r att ha en m\u00f6jlighet till plats. Behov och f\u00f6rst till kvarn till\u00e4mpas.<br>Husf\u00f6rvaltare har f\u00f6retr\u00e4de till sina hus f\u00f6rutsatt att de meddelat att de ska bo i sitt hus innan angivet datum f\u00f6r aktuellt lajv.\u00a0<\/p>\n\n\n\n<p>T\u00e4nk p\u00e5 att husen inte \u00e4r isolerade, ofta \u00e4r dragiga och att det kan bli kallt nattetid,  planera din sovutrustning utifr\u00e5n det. <br><br>Ni som bor i huset som ansvarar f\u00f6r att det \u00e4r lika st\u00e4dat, g\u00e4rna mer st\u00e4dat, n\u00e4r ni l\u00e4mnar som n\u00e4r ni kom. Det finns en container vid dassen d\u00e4r sopor kan sl\u00e4ngas och skulle den av n\u00e5gon anledning inte g\u00e5 att anv\u00e4nda, ansvarar ni sj\u00e4lva f\u00f6r att frakta bort sopor och pant. T\u00e4nk p\u00e5 att sl\u00e4nga smart i containern s\u00e5 att s\u00e5 mycket som m\u00f6jligt f\u00e5r plats. Sl\u00e4ng inte kladdiga saker som exempelvis matrester l\u00f6st, utan l\u00e4gg alltid s\u00e5dant i en p\u00e5se. Det kan annars bli v\u00e4ldigt tr\u00e5kigt f\u00f6r den som eventuellt beh\u00f6ver stuva om i containern. Tag med egna sops\u00e4ckar.<br>Innan ni l\u00e4mnar omr\u00e5det och \u00e5ker hem s\u00e5 ska arrang\u00f6ren titta p\u00e5, och godk\u00e4nna st\u00e4dningen.<\/p>\n\n\n\n<h2 class=\"wp-block-heading\">Hygien, vatten och el<\/h2>\n\n\n\n<p>I byn finns inte tillg\u00e5ng till rinnande vatten eller el. Vid dassen och vid smedjan finns tv\u00e4ttstationer med tv\u00e5l och vatten. Dessa ska anv\u00e4ndas efter behov har utr\u00e4ttats (\u00e4ven om du tar en v\u00e4nda ut i skogen!) och innan m\u00e5ltider.<br>Tv\u00e4tta sig helt kan man g\u00f6ra i den b\u00e4ck som rinner en kort promenad fr\u00e5n byn. Vattnet \u00e4r ofta kallt, men uppfriskande<br>T\u00e4nk p\u00e5 att anv\u00e4nda dig av produkter som inte skadar djur- och naturlivet i och kring b\u00e4cken, samt att respektera att \u00e4ven det omr\u00e5det \u00e4r in-lajv. <\/p>\n\n\n\n<p>Det finns \u00e4ven tv\u00e5 brunnar i byn med godk\u00e4nt dricksvatten, d\u00e4r f\u00e5r man inte tv\u00e4tta sig eller borsta t\u00e4nder. Det g\u00e5r bra att h\u00e4mta vatten, men anv\u00e4nds inte p\u00e5 samma plats.<\/p>\n\n\n\n<p>Bad sker in-lajv i badkl\u00e4der och man f\u00e5r inte ha med glas till b\u00e4cken.  Plast, keramik eller tr\u00e4 g\u00e5r bra.<br><\/p>\n\n\n\n<p><strong>F\u00f6r mer info om byn och f\u00f6reningen:<\/strong> <a href=\"https:\/\/berghemsvanner.se\/\">TRYCK H\u00c4R<\/a><\/p>\n","protected":false},"excerpt":{"rendered":"<p>Berghem \u00e4r en av de \u00e4ldsta lavjbyarna i Sverige. Den best\u00e5r av ett tjugotal enkla stugor, ett v\u00e4rdshus, torrdass, vattenbrunn och samlingshus mitt ute i den sm\u00e5l\u00e4ndska skogen, l\u00e5ngt ifr\u00e5n el och rinnande vatten. De f\u00f6rsta stugorna byggdes av ungdomar fr\u00e5n trakten. Det var enkla tr\u00e4stugor som byggdes som \u201dkulisser\u201d d\u00e4r de kunde ha lajv&#8230;<\/p>\n","protected":false},"author":1,"featured_media":0,"parent":0,"menu_order":0,"comment_status":"closed","ping_status":"closed","template":"","meta":{"footnotes":""},"class_list":["post-41","page","type-page","status-publish","hentry"],"_links":{"self":[{"href":"https:\/\/hfs.berghemsvanner.se\/index.php?rest_route=\/wp\/v2\/pages\/41","targetHints":{"allow":["GET"]}}],"collection":[{"href":"https:\/\/hfs.berghemsvanner.se\/index.php?rest_route=\/wp\/v2\/pages"}],"about":[{"href":"https:\/\/hfs.berghemsvanner.se\/index.php?rest_route=\/wp\/v2\/types\/page"}],"author":[{"embeddable":true,"href":"https:\/\/hfs.berghemsvanner.se\/index.php?rest_route=\/wp\/v2\/users\/1"}],"replies":[{"embeddable":true,"href":"https:\/\/hfs.berghemsvanner.se\/index.php?rest_route=%2Fwp%2Fv2%2Fcomments&post=41"}],"version-history":[{"count":7,"href":"https:\/\/hfs.berghemsvanner.se\/index.php?rest_route=\/wp\/v2\/pages\/41\/revisions"}],"predecessor-version":[{"id":110,"href":"https:\/\/hfs.berghemsvanner.se\/index.php?rest_route=\/wp\/v2\/pages\/41\/revisions\/110"}],"wp:attachment":[{"href":"https:\/\/hfs.berghemsvanner.se\/index.php?rest_route=%2Fwp%2Fv2%2Fmedia&parent=41"}],"curies":[{"name":"wp","href":"https:\/\/api.w.org\/{rel}","templated":true}]}}