{"id":43,"date":"2025-03-25T21:51:51","date_gmt":"2025-03-25T21:51:51","guid":{"rendered":"https:\/\/hfs.berghemsvanner.se\/?page_id=43"},"modified":"2025-03-30T15:26:42","modified_gmt":"2025-03-30T15:26:42","slug":"vuxen-pa-lajvet","status":"publish","type":"page","link":"https:\/\/hfs.berghemsvanner.se\/?page_id=43","title":{"rendered":"Vuxen p\u00e5 lajvet"},"content":{"rendered":"\n<p>Som vuxen p\u00e5 lajvet \u00e4r du en del av spelet och spelar en roll. Du kan lajva som barnets f\u00f6r\u00e4lder, en annan sl\u00e4kting, en v\u00e4n eller n\u00e5gon annan karakt\u00e4r. Det \u00e4r upp till dig att best\u00e4mma varf\u00f6r just din roll befinner sig p\u00e5 plats. Vill du spela en NPC eller en annan typ av specialroll, m\u00e5ste detta f\u00f6rankras med arrang\u00f6rsgruppen.<\/p>\n\n\n\n<h3 class=\"wp-block-heading\">Att spela vuxen p\u00e5 lajvet<\/h3>\n\n\n\n<p>Som vuxen spelare f\u00f6rv\u00e4ntas du agera som om din karakt\u00e4r <strong>inte<\/strong> vet att barnen \u00e4r superhj\u00e4ltar eller att det finns skurkar p\u00e5 omr\u00e5det. Om ett barn kommer till din roll och s\u00e4ger n\u00e5got i stil med <em>&#8221;Kim \u00e4r en superhj\u00e4lte&#8221;<\/em> eller <em>&#8221;V\u00e5ra l\u00e4gerledare \u00e4r skurkar&#8221;<\/em>, ska du spela ovetande och reagera som en vanlig vuxen skulle g\u00f6ra, exempelvis:<\/p>\n\n\n\n<blockquote class=\"wp-block-quote is-layout-flow wp-block-quote-is-layout-flow\">\n<p><em>&#8221;Va? Nej, det d\u00e4r \u00e4r ju bara l\u00e4gerledaren, inte en skurk. Sluta anklaga folk f\u00f6r att vara skurkar.&#8221;<\/em><\/p>\n<\/blockquote>\n\n\n\n<h3 class=\"wp-block-heading\">Praktisk hj\u00e4lp<\/h3>\n\n\n\n<p>Vi r\u00e4knar med att alla vuxna p\u00e5 plats \u00e4r behj\u00e4lpliga med mindre uppgifter vid behov. Det kan handla om att hj\u00e4lpa till i k\u00f6ket, hugga ved, b\u00e4ra utrustning eller p\u00e5 andra s\u00e4tt underl\u00e4tta f\u00f6r arrang\u00f6rer och funktion\u00e4rerna.<\/p>\n\n\n\n<p>Efter lajvet kommer alla deltagare delas in i st\u00e4d-lag och f\u00e5 en liten yta att st\u00e4da, detta b\u00f6r ta max 30 minuter. <\/p>\n\n\n\n<h3 class=\"wp-block-heading\">Funktion\u00e4r<\/h3>\n\n\n\n<p>F\u00f6r att lajvet ska fungera smidigt och flyta p\u00e5 beh\u00f6ver vi funktion\u00e4rer. I anm\u00e4lan till lajvet kan du ans\u00f6ka om att bli funktion\u00e4r. Som funktion\u00e4r betalar du 100 kr i anm\u00e4lningsavgift och efter lajvet kan du ans\u00f6ka om att f\u00e5 pengarna tillbaka, om ekonomi till\u00e5ter.<\/p>\n\n\n\n<p>Vi s\u00f6ker funktion\u00e4rer till blandannat f\u00f6ljande uppgifter:<\/p>\n\n\n\n<ul class=\"wp-block-list\">\n<li>K\u00f6kshj\u00e4lp<\/li>\n\n\n\n<li>Hj\u00e4lp innan lajvet med praktiska f\u00f6rberedelser<\/li>\n\n\n\n<li>Hj\u00e4lp efter lajvet med praktiska uppgifter<\/li>\n\n\n\n<li>Skapa intrigf\u00f6rem\u00e5l<\/li>\n\n\n\n<li>Sjukv\u00e5rdsansvarig<\/li>\n\n\n\n<li>Trygghetsv\u00e4rd<\/li>\n\n\n\n<li>H\u00e5lla i aktiviteter under lajvet, t.ex. baka pinnbr\u00f6d, smide, barkb\u00e5trace m.m.<\/li>\n\n\n\n<li>Olika NPC-roller<\/li>\n<\/ul>\n\n\n\n<p>Alla funktion\u00e4rer p\u00e5 v\u00e5rt arrangemang ska vid ankomst visa upp ett o\u00f6ppnat utdrag fr\u00e5n polisregistret. Detta kommer endast att l\u00e4sas av arrang\u00f6rerna och f\u00f6rst\u00f6ras direkt efter lajvet.<\/p>\n\n\n\n<p>Utdraget som vi vill ha \u00e4r det som ni hittar p\u00e5 polisens hemsida. <a href=\"https:\/\/polisen.se\/tjanster-tillstand\/belastningsregistret\/barn-annan-verksamhet\/\">TRYCK H\u00c4R<\/a><\/p>\n\n\n\n<h3 class=\"wp-block-heading\">F\u00f6rh\u00e5llningsregler f\u00f6r vuxna<\/h3>\n\n\n\n<p><strong>Barns s\u00e4tt att spela<\/strong>: Barn \u00e4r ofta mer vana vid lek \u00e4n vuxna och anpassar sig l\u00e4ttare, s\u00e4rskilt de yngre. Om de spelar ut k\u00e4nslor intensivt och trov\u00e4rdigt, bli inte f\u00f6rv\u00e5nad. L\u00e5t f\u00f6r\u00e4ldrarna avg\u00f6ra om barnet spelar eller om det har blivit r\u00e4dd p\u00e5 riktigt \u2013 eller fr\u00e5ga barnet sj\u00e4lv.<\/p>\n\n\n\n<p><strong>Ansvar<\/strong>: M\u00e5lsman eller ansvarig vuxen \u00e4r alltid ansvarig f\u00f6r sitt medhavda barn under lajvet.<\/p>\n\n\n\n<p><strong>Trygghet<\/strong>: Uts\u00e4tt aldrig ett barn f\u00f6r hot eller obehag. Barn har alltid r\u00e4tt till st\u00f6rsta m\u00f6jliga h\u00e4nsyn, och ju yngre barnet \u00e4r, desto st\u00f6rre h\u00e4nsyn kr\u00e4vs.<\/p>\n\n\n\n<p><strong>Intriger &amp; spel<\/strong>: Om du vill involvera ett barn i en intrig eller en annan spelsituation, kontrollera alltid detta f\u00f6rst med den ansvariga vuxna. \u00c4r du os\u00e4ker p\u00e5 n\u00e5got g\u00e4llande barnens deltagande i spelet, prata med deras m\u00e5lsman.<\/p>\n\n\n\n<p><\/p>\n","protected":false},"excerpt":{"rendered":"<p>Som vuxen p\u00e5 lajvet \u00e4r du en del av spelet och spelar en roll. Du kan lajva som barnets f\u00f6r\u00e4lder, en annan sl\u00e4kting, en v\u00e4n eller n\u00e5gon annan karakt\u00e4r. Det \u00e4r upp till dig att best\u00e4mma varf\u00f6r just din roll befinner sig p\u00e5 plats. Vill du spela en NPC eller en annan typ av specialroll,&#8230;<\/p>\n","protected":false},"author":1,"featured_media":0,"parent":0,"menu_order":0,"comment_status":"closed","ping_status":"closed","template":"","meta":{"footnotes":""},"class_list":["post-43","page","type-page","status-publish","hentry"],"_links":{"self":[{"href":"https:\/\/hfs.berghemsvanner.se\/index.php?rest_route=\/wp\/v2\/pages\/43","targetHints":{"allow":["GET"]}}],"collection":[{"href":"https:\/\/hfs.berghemsvanner.se\/index.php?rest_route=\/wp\/v2\/pages"}],"about":[{"href":"https:\/\/hfs.berghemsvanner.se\/index.php?rest_route=\/wp\/v2\/types\/page"}],"author":[{"embeddable":true,"href":"https:\/\/hfs.berghemsvanner.se\/index.php?rest_route=\/wp\/v2\/users\/1"}],"replies":[{"embeddable":true,"href":"https:\/\/hfs.berghemsvanner.se\/index.php?rest_route=%2Fwp%2Fv2%2Fcomments&post=43"}],"version-history":[{"count":6,"href":"https:\/\/hfs.berghemsvanner.se\/index.php?rest_route=\/wp\/v2\/pages\/43\/revisions"}],"predecessor-version":[{"id":216,"href":"https:\/\/hfs.berghemsvanner.se\/index.php?rest_route=\/wp\/v2\/pages\/43\/revisions\/216"}],"wp:attachment":[{"href":"https:\/\/hfs.berghemsvanner.se\/index.php?rest_route=%2Fwp%2Fv2%2Fmedia&parent=43"}],"curies":[{"name":"wp","href":"https:\/\/api.w.org\/{rel}","templated":true}]}}