{"id":70,"date":"2025-03-26T08:29:41","date_gmt":"2025-03-26T08:29:41","guid":{"rendered":"https:\/\/hfs.berghemsvanner.se\/?page_id=70"},"modified":"2026-02-06T12:34:07","modified_gmt":"2026-02-06T12:34:07","slug":"tack-till","status":"publish","type":"page","link":"https:\/\/hfs.berghemsvanner.se\/?page_id=70","title":{"rendered":"Extra tack till dessa som p\u00e5 olika s\u00e4tt har hj\u00e4lpt oss med lajvet"},"content":{"rendered":"\n<p><a href=\"https:\/\/handbokforsuperhjaltar.se\/\"><strong>Elias och Agnes<\/strong> som har givit oss till\u00e5telse att anv\u00e4nda deras material. <\/a><\/p>\n\n\n\n<figure class=\"wp-block-image size-large\"><a href=\"https:\/\/handbokforsuperhjaltar.se\/\"><img loading=\"lazy\" decoding=\"async\" width=\"1024\" height=\"488\" src=\"https:\/\/hfs.berghemsvanner.se\/wp-content\/uploads\/2025\/03\/image-11-1024x488.png\" alt=\"\" class=\"wp-image-185\" srcset=\"https:\/\/hfs.berghemsvanner.se\/wp-content\/uploads\/2025\/03\/image-11-1024x488.png 1024w, https:\/\/hfs.berghemsvanner.se\/wp-content\/uploads\/2025\/03\/image-11-300x143.png 300w, https:\/\/hfs.berghemsvanner.se\/wp-content\/uploads\/2025\/03\/image-11-768x366.png 768w, https:\/\/hfs.berghemsvanner.se\/wp-content\/uploads\/2025\/03\/image-11.png 1498w\" sizes=\"auto, (max-width: 1024px) 100vw, 1024px\" \/><\/a><\/figure>\n\n\n\n<p><a href=\"https:\/\/morgondagensgryning.se\/\"><strong>Morgondagens gryning<\/strong><\/a> &#8211; f\u00f6r texter <\/p>\n\n\n\n<figure class=\"wp-block-image size-full\"><a href=\"https:\/\/morgondagensgryning.se\/\"><img loading=\"lazy\" decoding=\"async\" width=\"268\" height=\"130\" src=\"https:\/\/hfs.berghemsvanner.se\/wp-content\/uploads\/2025\/03\/image-4.png\" alt=\"\" class=\"wp-image-151\"\/><\/a><\/figure>\n\n\n\n<p><strong><a href=\"https:\/\/www.projektlazarus.se\/\">Projekt Lazarus<\/a><\/strong> &#8211; f\u00f6r texter <\/p>\n\n\n\n<figure class=\"wp-block-image size-full is-resized\"><a href=\"https:\/\/www.projektlazarus.se\/\"><img loading=\"lazy\" decoding=\"async\" width=\"640\" height=\"960\" src=\"https:\/\/hfs.berghemsvanner.se\/wp-content\/uploads\/2025\/03\/image-9.png\" alt=\"\" class=\"wp-image-181\" style=\"width:235px;height:auto\" srcset=\"https:\/\/hfs.berghemsvanner.se\/wp-content\/uploads\/2025\/03\/image-9.png 640w, https:\/\/hfs.berghemsvanner.se\/wp-content\/uploads\/2025\/03\/image-9-200x300.png 200w\" sizes=\"auto, (max-width: 640px) 100vw, 640px\" \/><\/a><\/figure>\n\n\n\n<p><strong><a href=\"https:\/\/orionlajv.se\/gripmark\/\">Gripmark<\/a><\/strong> &#8211; f\u00f6r texter <\/p>\n\n\n\n<figure class=\"wp-block-image size-full is-resized\"><a href=\"https:\/\/orionlajv.se\/gripmark\/\"><img loading=\"lazy\" decoding=\"async\" width=\"431\" height=\"431\" src=\"https:\/\/hfs.berghemsvanner.se\/wp-content\/uploads\/2025\/03\/image-7.png\" alt=\"\" class=\"wp-image-154\" style=\"width:239px;height:auto\" srcset=\"https:\/\/hfs.berghemsvanner.se\/wp-content\/uploads\/2025\/03\/image-7.png 431w, https:\/\/hfs.berghemsvanner.se\/wp-content\/uploads\/2025\/03\/image-7-300x300.png 300w, https:\/\/hfs.berghemsvanner.se\/wp-content\/uploads\/2025\/03\/image-7-150x150.png 150w\" sizes=\"auto, (max-width: 431px) 100vw, 431px\" \/><\/a><\/figure>\n\n\n\n<p><a href=\"https:\/\/kampeniringen.se\/\"><strong>Kampen i Ringen<\/strong><\/a> &#8211; f\u00f6r texter <\/p>\n\n\n\n<figure class=\"wp-block-image size-full is-resized\"><img loading=\"lazy\" decoding=\"async\" width=\"328\" height=\"646\" src=\"https:\/\/hfs.berghemsvanner.se\/wp-content\/uploads\/2025\/03\/image-10.png\" alt=\"\" class=\"wp-image-183\" style=\"width:216px;height:auto\" srcset=\"https:\/\/hfs.berghemsvanner.se\/wp-content\/uploads\/2025\/03\/image-10.png 328w, https:\/\/hfs.berghemsvanner.se\/wp-content\/uploads\/2025\/03\/image-10-152x300.png 152w\" sizes=\"auto, (max-width: 328px) 100vw, 328px\" \/><\/figure>\n\n\n\n<p><a href=\"https:\/\/mareld.berghemsvanner.se\/\"><strong>Mareld<\/strong><\/a> &#8211; f\u00f6r texter <\/p>\n\n\n\n<figure class=\"wp-block-image size-large is-resized\"><a href=\"https:\/\/mareld.berghemsvanner.se\/\"><img loading=\"lazy\" decoding=\"async\" width=\"1024\" height=\"576\" src=\"https:\/\/hfs.berghemsvanner.se\/wp-content\/uploads\/2025\/03\/mareld_black-bg-1-1024x576.png\" alt=\"\" class=\"wp-image-184\" style=\"width:273px;height:auto\" srcset=\"https:\/\/hfs.berghemsvanner.se\/wp-content\/uploads\/2025\/03\/mareld_black-bg-1-1024x576.png 1024w, https:\/\/hfs.berghemsvanner.se\/wp-content\/uploads\/2025\/03\/mareld_black-bg-1-300x169.png 300w, https:\/\/hfs.berghemsvanner.se\/wp-content\/uploads\/2025\/03\/mareld_black-bg-1-768x432.png 768w, https:\/\/hfs.berghemsvanner.se\/wp-content\/uploads\/2025\/03\/mareld_black-bg-1-1536x864.png 1536w, https:\/\/hfs.berghemsvanner.se\/wp-content\/uploads\/2025\/03\/mareld_black-bg-1.png 1920w\" sizes=\"auto, (max-width: 1024px) 100vw, 1024px\" \/><\/a><\/figure>\n\n\n\n<figure class=\"wp-block-image size-large\"><img loading=\"lazy\" decoding=\"async\" width=\"1024\" height=\"204\" src=\"https:\/\/hfs.berghemsvanner.se\/wp-content\/uploads\/2026\/02\/image-1024x204.png\" alt=\"\" class=\"wp-image-251\" srcset=\"https:\/\/hfs.berghemsvanner.se\/wp-content\/uploads\/2026\/02\/image-1024x204.png 1024w, https:\/\/hfs.berghemsvanner.se\/wp-content\/uploads\/2026\/02\/image-300x60.png 300w, https:\/\/hfs.berghemsvanner.se\/wp-content\/uploads\/2026\/02\/image-768x153.png 768w, https:\/\/hfs.berghemsvanner.se\/wp-content\/uploads\/2026\/02\/image-1536x306.png 1536w, https:\/\/hfs.berghemsvanner.se\/wp-content\/uploads\/2026\/02\/image.png 2048w\" sizes=\"auto, (max-width: 1024px) 100vw, 1024px\" \/><\/figure>\n","protected":false},"excerpt":{"rendered":"<p>Elias och Agnes som har givit oss till\u00e5telse att anv\u00e4nda deras material. Morgondagens gryning &#8211; f\u00f6r texter Projekt Lazarus &#8211; f\u00f6r texter Gripmark &#8211; f\u00f6r texter Kampen i Ringen &#8211; f\u00f6r texter Mareld &#8211; f\u00f6r texter<\/p>\n","protected":false},"author":1,"featured_media":0,"parent":0,"menu_order":0,"comment_status":"closed","ping_status":"closed","template":"","meta":{"footnotes":""},"class_list":["post-70","page","type-page","status-publish","hentry"],"_links":{"self":[{"href":"https:\/\/hfs.berghemsvanner.se\/index.php?rest_route=\/wp\/v2\/pages\/70","targetHints":{"allow":["GET"]}}],"collection":[{"href":"https:\/\/hfs.berghemsvanner.se\/index.php?rest_route=\/wp\/v2\/pages"}],"about":[{"href":"https:\/\/hfs.berghemsvanner.se\/index.php?rest_route=\/wp\/v2\/types\/page"}],"author":[{"embeddable":true,"href":"https:\/\/hfs.berghemsvanner.se\/index.php?rest_route=\/wp\/v2\/users\/1"}],"replies":[{"embeddable":true,"href":"https:\/\/hfs.berghemsvanner.se\/index.php?rest_route=%2Fwp%2Fv2%2Fcomments&post=70"}],"version-history":[{"count":7,"href":"https:\/\/hfs.berghemsvanner.se\/index.php?rest_route=\/wp\/v2\/pages\/70\/revisions"}],"predecessor-version":[{"id":252,"href":"https:\/\/hfs.berghemsvanner.se\/index.php?rest_route=\/wp\/v2\/pages\/70\/revisions\/252"}],"wp:attachment":[{"href":"https:\/\/hfs.berghemsvanner.se\/index.php?rest_route=%2Fwp%2Fv2%2Fmedia&parent=70"}],"curies":[{"name":"wp","href":"https:\/\/api.w.org\/{rel}","templated":true}]}}