{"id":73,"date":"2025-03-26T08:51:51","date_gmt":"2025-03-26T08:51:51","guid":{"rendered":"https:\/\/hfs.berghemsvanner.se\/?page_id=73"},"modified":"2025-03-30T15:10:27","modified_gmt":"2025-03-30T15:10:27","slug":"forstagangslajvare","status":"publish","type":"page","link":"https:\/\/hfs.berghemsvanner.se\/?page_id=73","title":{"rendered":"F\u00f6rstag\u00e5ngslajvare"},"content":{"rendered":"\n<p>P\u00e5 denna sidan vill vi ge dig v\u00e5ra b\u00e4sta tips vi kan ge er.<\/p>\n\n\n\n<h2 class=\"wp-block-heading\"><strong>V\u00e5ga fr\u00e5ga<\/strong><\/h2>\n\n\n\n<p>Det finns inga dumma fr\u00e5gor och du kan vara helt s\u00e4ker p\u00e5 att om du undrar n\u00e5got s\u00e5 finns det flera som undrar samma sak. S\u00e5 v\u00e5ga fr\u00e5ga \u2013 arrang\u00f6rer eller andra lajvare. Du kan alltid fr\u00e5ga i v\u00e5r<a href=\"https:\/\/www.facebook.com\/groups\/1900239963760586\"> Facebookgrupp<\/a> eller kontakta oss p\u00e5 v\u00e5ran mailadress: <a href=\"mailto:hfs@berghemsvanner.se\">hfs@berghemsvanner.se<\/a> . Lajvhobbyn har fina deltagare och en fin gemenskap. Om du \u00e4r tydlig med att du \u00e4r ny lajvare kommer folk troligtvis att anstr\u00e4nga sig extra f\u00f6r att hj\u00e4lpa dig.<\/p>\n\n\n\n<p>Vi l\u00e4nkar till spelriksf\u00f6rbundet Sveroks startguide h\u00e4r p\u00e5 v\u00e5r sida samt en kort beskrivning h\u00e4r p\u00e5 hemsidan..<\/p>\n\n\n\n<h2 class=\"wp-block-heading\"><strong>Utrustning<\/strong><\/h2>\n\n\n\n<p>Kl\u00e4der och utrustning \u00e4r oftast det som skapar fr\u00e5getecken och ibland stress. H\u00e4r vill vi bara s\u00e4ga: ta ett djupt andetag. Handbok f\u00f6r superhj\u00e4lter \u00e4r inte ett lajv d\u00e4r du kommer att bed\u00f6mas utifr\u00e5n din f\u00f6rm\u00e5ga att sy perfekta, eller skapa den perfekta superhj\u00e4ltedr\u00e4kten. Tanken \u00e4r att er utrustningen ni anv\u00e4nder p\u00e5 lajvet skall st\u00e4mma med er egen vision av er karakt\u00e4r s\u00e5 gott det g\u00e5r<strong>.<\/strong>&nbsp;Materialen p\u00e5 kl\u00e4der och utrustning \u00e4r inte s\u00e5 noga men vi vill att superhj\u00e4ltedr\u00e4kten f\u00f6r ert barn skall k\u00e4nnas som en superhj\u00e4ltedr\u00e4kt.&nbsp;Vi kommer inte st\u00e4lla h\u00f6ga krav d\u00e5 vi vill fr\u00e4mja er kreativitet och folks m\u00f6jligheter och inte begr\u00e4nsa dem.<\/p>\n\n\n\n<h2 class=\"wp-block-heading\"><strong>Min roll p\u00e5 Handbok f\u00f6r superhj\u00e4ltar<\/strong><\/h2>\n\n\n\n<p>K\u00e4nn efter. Vad vill du vara f\u00f6r sorts hj\u00e4lte under lajvet? Vad f\u00e5r ditt hj\u00e4rta att dunka lite extra? V\u00e4lj det som k\u00e4nns kul f\u00f6r du ska vara i rollen en heldag. Kom ih\u00e5g att du har mycket stora m\u00f6jligheter att best\u00e4mma allt om din egen roll men att du inte samtidigt kan best\u00e4mma n\u00e5got \u00f6ver andra. Du \u00e4r helt fri att skapa en hj\u00e4lte som kommer fr\u00e5n en fattig familj, eller en hj\u00e4lte som kommer fr\u00e5n en v\u00e4lb\u00e4rgad familj. Men du kan inte i din roll best\u00e4mma att alla andra p\u00e5 lajvet skall k\u00e4nna till din hj\u00e4lte.<\/p>\n\n\n\n<p>Utg\u00e5 j\u00e4tteg\u00e4rna fr\u00e5n bokserien &#8221;Handbok f\u00f6r superhj\u00e4ltar&#8221; n\u00e4r du skapar din roll. Alla hj\u00e4ltar har l\u00e4st och tr\u00e4nats utifr\u00e5n denna handbok. <\/p>\n\n\n\n<p>Ett bra s\u00e4tt f\u00f6r en f\u00f6rstag\u00e5ngslajvare \u00e4r att inte beh\u00f6va komma p\u00e5 alla saker sj\u00e4lv och att dessutom f\u00e5 hj\u00e4lp och st\u00f6d med alla fr\u00e5gor p\u00e5 v\u00e4gen. V\u00e5ga d\u00e4rf\u00f6r fr\u00e5ga om hj\u00e4lp och r\u00e5d, anv\u00e4nd dig av facebookgruppen och av oss arrang\u00f6rer om ni beh\u00f6ver hj\u00e4lp.<\/p>\n\n\n\n<h2 class=\"wp-block-heading\"><strong>Sj\u00e4lva lajvet<\/strong><\/h2>\n\n\n\n<p>Under rubriken&nbsp;Praktiskt kan du l\u00e4sa allt du beh\u00f6ver om v\u00e4gbeskrivning, boende, packlista m.m.  <\/p>\n\n\n\n<p>Under lajvet skapar du ditt eget \u00e4ventyr. Du \u00e4r alltid fri att vara med i s\u00e5 mycket eller s\u00e5 lite som du vill. Det kommer aldrig att ta slut p\u00e5 m\u00f6jligheter att blanda sig i sp\u00e4nnande utmaningar som v\u00e4ntar \u2013 men du best\u00e4mmer alltid vad du vill vara med p\u00e5. Trygghet \u00e4r viktigt f\u00f6r oss p\u00e5 lajvet. Vi vill att du ska k\u00e4nna att du alltid kan komma till arrang\u00f6rerna om n\u00e5got g\u00f6r er otrygga under lajvet.<\/p>\n\n\n\n<p>En sak du inte beh\u00f6ver oroa dig f\u00f6r \u00e4r att g\u00f6ra fel. P\u00e5  Handbok f\u00f6r superhj\u00e4ltar kan du inte g\u00f6ra fel s\u00e5 l\u00e4nge du g\u00f6r ditt b\u00e4sta och spelar din roll s\u00e5 gott du kan. Har du gl\u00f6mt n\u00e5gon regel eller hur n\u00e5got ska g\u00f6ras kommer dina medspelare att bara hj\u00e4lpa dig s\u00e5 att det blir r\u00e4tt. Alla har varit f\u00f6rstag\u00e5ngslajvare n\u00e5gon g\u00e5ng och det finns verkligen inget krav att vara expert direkt. Alla \u00e4r p\u00e5 lajvet f\u00f6r att ha kul.<\/p>\n\n\n\n<h2 class=\"wp-block-heading\"><strong>Efter lajvet<\/strong><\/h2>\n\n\n\n<p>N\u00e4r lajvet \u00e4r slut brukar det bli h\u00e4ng och fotografering. Att f\u00e5 prata off-lajv med m\u00e4nniskor en nyss lajvat med \u00e4r n\u00e5got av det roligaste en kan g\u00f6ra. D\u00e5 kan man samtala med dem som spelade elaka roller och skratta med den en var arg p\u00e5 i sin roll. Tag chansen att vara med!<\/p>\n\n\n\n<p>P\u00e5 s\u00f6ndag ska allting packas ihop. Var noga med att du f\u00e5r med dig allting hem som du sl\u00e4pat till lajvet \u2013 det \u00e4r trist att f\u00f6rlora kl\u00e4der och utrustning en k\u00e4mpat med. Var ocks\u00e5 noga med att g\u00f6ra helt snyggt runt omkring dig d\u00e4r du bott och lajvat s\u00e5 att vi kan forts\u00e4tta nyttja Berghems lajvby<\/p>\n\n\n\n<p>N\u00e4r du v\u00e4l kommit hem fr\u00e5n ett lajv kan det ibland k\u00e4nnas lite deppigt och tomt. Lajvare kallar det bleed. Det \u00e4r helt normalt. N\u00e4r en varit med om n\u00e5got s\u00e5 intensivt och omfattande, med m\u00e5nga nya relationer och k\u00e4nslor, kan verkligheten verka lite blek. Hantera din bleed genom att h\u00e4nga p\u00e5 Facebooksidan. H\u00e4r kan du forts\u00e4tta att prata och dela minnen fr\u00e5n lajvet som varit \u2013 samtidigt som du planerar n\u00e4sta lajv att \u00e5ka p\u00e5. Och d\u00e5 kommer du inte l\u00e4ngre att vara en f\u00f6rstag\u00e5ngslajvare utan en erfaren veteran.<\/p>\n","protected":false},"excerpt":{"rendered":"<p>P\u00e5 denna sidan vill vi ge dig v\u00e5ra b\u00e4sta tips vi kan ge er. V\u00e5ga fr\u00e5ga Det finns inga dumma fr\u00e5gor och du kan vara helt s\u00e4ker p\u00e5 att om du undrar n\u00e5got s\u00e5 finns det flera som undrar samma sak. S\u00e5 v\u00e5ga fr\u00e5ga \u2013 arrang\u00f6rer eller andra lajvare. Du kan alltid fr\u00e5ga i v\u00e5r&#8230;<\/p>\n","protected":false},"author":1,"featured_media":0,"parent":0,"menu_order":0,"comment_status":"closed","ping_status":"closed","template":"","meta":{"footnotes":""},"class_list":["post-73","page","type-page","status-publish","hentry"],"_links":{"self":[{"href":"https:\/\/hfs.berghemsvanner.se\/index.php?rest_route=\/wp\/v2\/pages\/73","targetHints":{"allow":["GET"]}}],"collection":[{"href":"https:\/\/hfs.berghemsvanner.se\/index.php?rest_route=\/wp\/v2\/pages"}],"about":[{"href":"https:\/\/hfs.berghemsvanner.se\/index.php?rest_route=\/wp\/v2\/types\/page"}],"author":[{"embeddable":true,"href":"https:\/\/hfs.berghemsvanner.se\/index.php?rest_route=\/wp\/v2\/users\/1"}],"replies":[{"embeddable":true,"href":"https:\/\/hfs.berghemsvanner.se\/index.php?rest_route=%2Fwp%2Fv2%2Fcomments&post=73"}],"version-history":[{"count":3,"href":"https:\/\/hfs.berghemsvanner.se\/index.php?rest_route=\/wp\/v2\/pages\/73\/revisions"}],"predecessor-version":[{"id":203,"href":"https:\/\/hfs.berghemsvanner.se\/index.php?rest_route=\/wp\/v2\/pages\/73\/revisions\/203"}],"wp:attachment":[{"href":"https:\/\/hfs.berghemsvanner.se\/index.php?rest_route=%2Fwp%2Fv2%2Fmedia&parent=73"}],"curies":[{"name":"wp","href":"https:\/\/api.w.org\/{rel}","templated":true}]}}