{"id":80,"date":"2025-03-26T09:17:00","date_gmt":"2025-03-26T09:17:00","guid":{"rendered":"https:\/\/hfs.berghemsvanner.se\/?page_id=80"},"modified":"2026-02-06T12:10:29","modified_gmt":"2026-02-06T12:10:29","slug":"nar-var-hur","status":"publish","type":"page","link":"https:\/\/hfs.berghemsvanner.se\/?page_id=80","title":{"rendered":"N\u00e4r, Var, Hur"},"content":{"rendered":"\n<p><strong>N\u00e4r<\/strong>:&nbsp;L\u00f6rdag morgon 30 maj kl 8.00 \u2013 s\u00f6ndag 31 maj ca kl 12<\/p>\n\n\n\n<p><strong>Pris<\/strong>: Barn: 250 kr, Vuxen 150 kr + medlemsavgift f\u00f6r Berghemsv\u00e4nner<\/p>\n\n\n\n<p><strong>Milj\u00f6<\/strong>: Handbok f\u00f6r superhj\u00e4ltars v\u00e4rld i nutid<\/p>\n\n\n\n<p><strong>Var<\/strong>: Berghems lajvby i Skillingaryd<\/p>\n\n\n\n<p><strong>\u00c5ldersgr\u00e4ns<\/strong>: Du skall ha g\u00e5tt ut \u00e5k1 och \u00e4nnu inte p\u00e5b\u00f6rjat \u00e5k 7<\/p>\n\n\n\n<p><strong>Anm\u00e4lan<\/strong>: Tryck <a href=\"https:\/\/anmalan.berghemsvanner.se\/\" data-type=\"link\" data-id=\"https:\/\/anmalan.berghemsvanner.se\/\">H\u00c4R<\/a><\/p>\n\n\n\n<p><strong>Sista dag f\u00f6r anm\u00e4lan<\/strong>:\u00a030 april<\/p>\n\n\n\n<p><strong>Max antal deltagare<\/strong>: 40 barn +  medf\u00f6ljande ansvarig vuxen<\/p>\n\n\n\n<hr class=\"wp-block-separator has-alpha-channel-opacity\"\/>\n\n\n\n<h2 class=\"wp-block-heading\">Vision<\/h2>\n\n\n\n<p>Tanken med lajvet \u00e4r att barnen ska f\u00e5 k\u00e4nna p\u00e5 sp\u00e4nning och \u00e4ventyr. Men ocks\u00e5 att ber\u00f6ra samh\u00e4llsfr\u00e5gor som att allt inte \u00e4r svart eller vitt. Kanske en av Dr Gruselius lakejer g\u00f6r det bara f\u00f6r att hen m\u00e5ste, f\u00f6r annars riskerar hen livet p\u00e5 den hen \u00e4lskar.&nbsp;<\/p>\n\n\n\n<p>Vi vill ocks\u00e5 att barnen skall f\u00e5 k\u00e4nna en l\u00e4gerk\u00e4nsla och f\u00e5 njuta att g\u00f6ra roliga aktiviteter under dagen.<\/p>\n\n\n\n<hr class=\"wp-block-separator has-alpha-channel-opacity\"\/>\n\n\n\n<h2 class=\"wp-block-heading\">Kort om lajvet:<\/h2>\n\n\n\n<figure class=\"wp-block-image\"><img decoding=\"async\" src=\"https:\/\/lh7-rt.googleusercontent.com\/slidesz\/AGV_vUcMsAnUkBc-wNtNWNJaiQUFn-2mUbfeOVkjMItbGaexVvRoZteGHgDxNeo7eSBhVjn63_gyNse6RowGH8YgEhW2M9kvYKCdPMygbK5HRicjoa0UzemIa3h9YbgXswU-IzgkC391ZkKd06jx-ca3BQ=s2048?key=oqSZOVOa8O9A266ERzA_qsvn\" alt=\"\"\/><\/figure>\n\n\n\n<p>Det \u00e4r sommar i Sol\u00e5s och alla barn njuter av sommarlov. Kommunen har beslutat att g\u00f6ra en storsatsning p\u00e5 sommaraktiviteter f\u00f6r barn och deras f\u00f6r\u00e4ldrar, och ett av de mest popul\u00e4ra alternativen \u00e4r ett sommarl\u00e4ger utanf\u00f6r staden. Det lovas ett l\u00e4ger fullsp\u00e4ckat med roliga aktiviteter, allt fr\u00e5n Pinn-br\u00f6dsbakning, barkb\u00e5tsrace och lekar.&nbsp;<\/p>\n\n\n\n<p>Men l\u00e4gret ruvar p\u00e5 en hemlighet. Det som ingen vet \u00e4r att Dr. Gruselius har anv\u00e4nt skogen runt l\u00e4gret som ett g\u00f6mst\u00e4lle f\u00f6r att forska kring hur han skall kn\u00e4cka stadens superhj\u00e4ltar. Han har b\u00f6rjat utveckla en maskin som \u00e4nnu inte \u00e4r fullst\u00e4ndig. Denna maskin kommer kunna ber\u00f6va&nbsp; alla superhj\u00e4ltarna p\u00e5 sina superkrafter. Han beh\u00f6ver bara kalibrera den tillr\u00e4ckligt f\u00f6r att den ska fungera korrekt.&nbsp;<\/p>\n\n\n\n<p>Dolda bland l\u00e4gerledarna finns n\u00e5gra av Dr Gruselius lojala lakejer, redo att f\u00f6rsvara hemligheterna. Deras uppdrag \u00e4r att avleda och avskr\u00e4ck alla nyfikna som skulle kunna snoka runt och hota deras planer.&nbsp;<\/p>\n\n\n\n<hr class=\"wp-block-separator has-alpha-channel-opacity\"\/>\n\n\n\n<h2 class=\"wp-block-heading\">Viktiga datum och tider<\/h2>\n\n\n\n<ul class=\"wp-block-list\">\n<li>29 maj\u2013 dem som \u00f6nskar komma dagen innan \u00e4r v\u00e4lkomna<\/li>\n\n\n\n<li>30 maj &#8211; Tider\n<ul class=\"wp-block-list\">\n<li> 8.00-8.30 inchek  \u00f6ppnar<\/li>\n\n\n\n<li>9-12 Workshop &#8211; L\u00e4ra k\u00e4nna lekar och m\u00f6te om vad som g\u00e4ller p\u00e5 lajvet<\/li>\n\n\n\n<li>12.00 Lunch<\/li>\n\n\n\n<li>ca 12.30 Lajvstart<\/li>\n<\/ul>\n<\/li>\n\n\n\n<li>31 maj \u2013 Tider\n<ul class=\"wp-block-list\">\n<li>Ca 12.00 &#8211; lajvet avslutas<\/li>\n<\/ul>\n<\/li>\n<\/ul>\n\n\n\n<hr class=\"wp-block-separator has-alpha-channel-opacity\"\/>\n\n\n\n<h2 class=\"wp-block-heading\">Arrang\u00f6rer och kontakt:<\/h2>\n\n\n\n<p>Theresia Junesten, Albin Forss\u00e9n, Mikaela Schmidt och Mats Rappe<\/p>\n\n\n\n<p><strong>Kontakt<\/strong>: hfs@berghemsvanner.se<\/p>\n\n\n\n<p><strong>Facebook-sida<\/strong>: Tryck&nbsp;<a href=\"https:\/\/www.facebook.com\/groups\/1900239963760586\">H\u00c4R<\/a><\/p>\n\n\n\n<hr class=\"wp-block-separator has-alpha-channel-opacity\"\/>\n\n\n\n<h2 class=\"wp-block-heading\">FAQ<\/h2>\n\n\n\n<p>Uppdateras l\u00f6pande<\/p>\n\n\n\n<p><strong>Kan man l\u00e4mna sitt barn och h\u00e4mta upp n\u00e4r lajvet \u00e4r slut?<\/strong><\/p>\n\n\n\n<p>Nej, varje barn skall ha en ansvarig vuxen p\u00e5 plats under hela lajvet. Denne kan ha flera \u00e4n ett barn att ansvara \u00f6ver och beh\u00f6ver inte vara barnets m\u00e5lsman<\/p>\n\n\n\n<p><strong>Vilka dr\u00e4ktkrav har ni?<\/strong><\/p>\n\n\n\n<p>Som b\u00e5de barn och vuxen kan du komma i dina vanliga kl\u00e4der, men det kan vara roligt att kanske k\u00f6pa kl\u00e4der som \u00e4r just f\u00f6r detta lajv. F\u00f6r att f\u00e5 k\u00e4nslan att du kl\u00e4r p\u00e5 dig en annans karakt\u00e4rs kl\u00e4der. <\/p>\n\n\n\n<p>Barnen skall ocks\u00e5 ha med sig en superhj\u00e4ltedr\u00e4kt, hur denna skall se ut l\u00e5ter vi er sj\u00e4lva avg\u00f6ra. Men som minst skall superhj\u00e4ltedr\u00e4kten ha en ninjabindel f\u00f6r \u00f6gonen<\/p>\n\n\n\n<p><strong>F\u00e5r man ta med yngre\/\u00e4ldre syskon?<\/strong><\/p>\n\n\n\n<p>Ja, men det \u00e4r inte s\u00e4kert de kan delta i alla programpunkter, d\u00e5 de \u00e4r \u00e5lderskategorier och begr\u00e4nsat med resurser. Vi rekommenderar att syskon stannar hemma, men inget som vi s\u00e4ger nej till. Kontakta oss f\u00f6r mer info.<\/p>\n\n\n\n<p><strong>\u00c4r detta en kampanj?<\/strong><\/p>\n\n\n\n<p>Nej, det \u00e4r inte en kampanj, vi hoppas p\u00e5 att kunna k\u00f6ra om samma lajv i framtiden, men med nya deltagare.<\/p>\n\n\n\n<p><strong>Hur m\u00e5nga barn kan en vuxen vara ansvarig f\u00f6r?<\/strong><\/p>\n\n\n\n<p>En vuxen kan vara ansvarig f\u00f6r mer \u00e4n ett barn och om barnet \u00e4r behov av fler vuxna, s\u00e5 g\u00e5r detta att l\u00f6sa.<\/p>\n\n\n\n<p><strong>Kan jag ha med mig en l\u00e5ssaspistol eller l\u00e5ssasvapen<\/strong><\/p>\n\n\n\n<p>Nej, inga deltagare f\u00e5r medta l\u00e5ssasvapen. D\u00e4remot kan v\u00e5ra funktion\u00e4rer som spela skurkar eller andra roller, kunna komma att ha detta. Men d\u00e5 \u00e4r det godk\u00e4nt av arrang\u00f6rsgruppen sedan innan. <\/p>\n\n\n\n<p><strong>F\u00e5r man  intriger?<\/strong><\/p>\n\n\n\n<p>Vi kommer att koncentrera oss p\u00e5 h\u00e4ndelser p\u00e5 lajvet, d\u00e4r barnen kommer f\u00e5 uppleva saker p\u00e5 plats ist\u00e4llet f\u00f6r skrivna intriger.<\/p>\n\n\n\n<p><\/p>\n","protected":false},"excerpt":{"rendered":"<p>N\u00e4r:&nbsp;L\u00f6rdag morgon 30 maj kl 8.00 \u2013 s\u00f6ndag 31 maj ca kl 12 Pris: Barn: 250 kr, Vuxen 150 kr + medlemsavgift f\u00f6r Berghemsv\u00e4nner Milj\u00f6: Handbok f\u00f6r superhj\u00e4ltars v\u00e4rld i nutid Var: Berghems lajvby i Skillingaryd \u00c5ldersgr\u00e4ns: Du skall ha g\u00e5tt ut \u00e5k1 och \u00e4nnu inte p\u00e5b\u00f6rjat \u00e5k 7 Anm\u00e4lan: Tryck H\u00c4R Sista dag f\u00f6r&#8230;<\/p>\n","protected":false},"author":1,"featured_media":0,"parent":0,"menu_order":0,"comment_status":"closed","ping_status":"closed","template":"","meta":{"footnotes":""},"class_list":["post-80","page","type-page","status-publish","hentry"],"_links":{"self":[{"href":"https:\/\/hfs.berghemsvanner.se\/index.php?rest_route=\/wp\/v2\/pages\/80","targetHints":{"allow":["GET"]}}],"collection":[{"href":"https:\/\/hfs.berghemsvanner.se\/index.php?rest_route=\/wp\/v2\/pages"}],"about":[{"href":"https:\/\/hfs.berghemsvanner.se\/index.php?rest_route=\/wp\/v2\/types\/page"}],"author":[{"embeddable":true,"href":"https:\/\/hfs.berghemsvanner.se\/index.php?rest_route=\/wp\/v2\/users\/1"}],"replies":[{"embeddable":true,"href":"https:\/\/hfs.berghemsvanner.se\/index.php?rest_route=%2Fwp%2Fv2%2Fcomments&post=80"}],"version-history":[{"count":13,"href":"https:\/\/hfs.berghemsvanner.se\/index.php?rest_route=\/wp\/v2\/pages\/80\/revisions"}],"predecessor-version":[{"id":241,"href":"https:\/\/hfs.berghemsvanner.se\/index.php?rest_route=\/wp\/v2\/pages\/80\/revisions\/241"}],"wp:attachment":[{"href":"https:\/\/hfs.berghemsvanner.se\/index.php?rest_route=%2Fwp%2Fv2%2Fmedia&parent=80"}],"curies":[{"name":"wp","href":"https:\/\/api.w.org\/{rel}","templated":true}]}}