{"id":85,"date":"2025-03-26T09:23:32","date_gmt":"2025-03-26T09:23:32","guid":{"rendered":"https:\/\/hfs.berghemsvanner.se\/?page_id=85"},"modified":"2025-03-29T11:00:49","modified_gmt":"2025-03-29T11:00:49","slug":"viktiga-ord-att-kunna","status":"publish","type":"page","link":"https:\/\/hfs.berghemsvanner.se\/?page_id=85","title":{"rendered":"Viktiga ord att kunna:"},"content":{"rendered":"\n<p>Inom lajvhobbyn anv\u00e4nds en rad specifika ord och begrepp. H\u00e4r har vi samlat de termer som \u00e4r mest relevanta f\u00f6r v\u00e5rt lajv.<\/p>\n\n\n\n<h3 class=\"wp-block-heading\"><strong>Roller och funktioner<\/strong><\/h3>\n\n\n\n<ul class=\"wp-block-list\">\n<li><strong>Huvudarrang\u00f6r<\/strong> \u2013 Den som har det yttersta ansvaret f\u00f6r lajvet.<\/li>\n\n\n\n<li><strong>Arr<\/strong> \u2013 F\u00f6rkortning av <em>arrang\u00f6rer<\/em>. De som skapar lajvet, s\u00e4tter upp regler och har det \u00f6vergripande ansvaret.<\/li>\n\n\n\n<li><strong>Funktion\u00e4rer<\/strong> \u2013 Personer som hj\u00e4lper arrang\u00f6rerna med praktiska uppgifter. Det kan vara allt fr\u00e5n intrigskrivning och sjukv\u00e5rd till transporter, att b\u00e4ra utrustning eller packa ner t\u00e4lt.<\/li>\n\n\n\n<li><strong>NPC (Non-Player Character)<\/strong> \u2013 En person som spelar en tillf\u00e4llig roll. Det kan vara en f\u00f6r\u00e4lder som hoppar in som skurk, en arrang\u00f6r som agerar budb\u00e4rare eller liknande. Alla NPC-karakt\u00e4rer b\u00e4r en <strong>gul armbindel<\/strong> f\u00f6r att visa att de spelar en tillf\u00e4llig roll.<\/li>\n\n\n\n<li><strong>Kampanj &#8211; <\/strong>En serie av lajv som utspelar sig i samma v\u00e4rld och f\u00f6ljer en historia. Ungef\u00e4r som en bokserie likt &#8221;Harry Potter&#8221; eller &#8221;LasseMajas detektivbyr\u00e5&#8221;<\/li>\n<\/ul>\n\n\n\n<h3 class=\"wp-block-heading\"><strong>Begrepp kring spel och fiktion<\/strong><\/h3>\n\n\n\n<ul class=\"wp-block-list\">\n<li><strong>Inlajv<\/strong> \u2013 N\u00e4r en spelare \u00e4r <em>inlajv<\/em> (eller &#8221;in&#8221;) spelar denne sin karakt\u00e4r. H\u00e4ndelser som sker under spelet \u00e4r &#8221;inlajv&#8221;.<\/li>\n\n\n\n<li><strong>Offlajv<\/strong> \u2013 Motsatsen till inlajv. N\u00e4r en spelare \u00e4r <em>offlajv<\/em> (eller &#8221;off&#8221;) \u00e4r hen sig sj\u00e4lv och inte sin rollfigur. N\u00e5got som \u00e4r &#8221;offigt&#8221; st\u00f6r illusionen av spelet, t.ex. en mobiltelefon eller ett samtal om senaste avsnittet av en tv-serie.<\/li>\n\n\n\n<li><strong>Iffy \/ Iff<\/strong>a \u2013 Slang f\u00f6r n\u00e5got som befinner sig i gr\u00e4nslandet mellan inlajv och offlajv. Till exempel om n\u00e5gon s\u00e4ger n\u00e5got inlajv men med en offlajv-referens.<\/li>\n\n\n\n<li><strong>Off-omr\u00e5de \/ Offen<\/strong> \u2013 Ett omr\u00e5de d\u00e4r lajvet pausas och d\u00e4r det \u00e4r till\u00e5tet att vara <em>offlajv<\/em>. H\u00e4r kan man prata fritt och ta en paus fr\u00e5n spelet. Exempelvis kan bilparkeringen vara ett off-omr\u00e5de. P\u00e5 v\u00e5rt lajv \u00e4r bilparkeringen <strong>offlajv<\/strong>.<\/li>\n<\/ul>\n\n\n\n<h3 class=\"wp-block-heading\"><strong>Viktiga s\u00e4kerhetsord<\/strong><\/h3>\n\n\n\n<p><strong>Superkraft + beskrivning<\/strong> \u2013 En metateknik som anv\u00e4nds f\u00f6r att visa att en superkraft aktiveras. Den som anv\u00e4nder en superkraft s\u00e4ger tydligt <em>&#8221;Superkraft!&#8221;<\/em> och ger en kort beskrivning av effekten. Andra spelare ska d\u00e5 lyssna och reagera d\u00e4refter.<\/p>\n\n\n\n<p><strong>Skarp<\/strong> \u2013 Ett ord som anv\u00e4nds f\u00f6r att signalera att n\u00e5got \u00e4r p\u00e5 riktigt (<em>off<\/em>) och inte en del av spelet. Det anv\u00e4nds vid fara eller n\u00e4r spelet m\u00e5ste avbrytas, exempelvis <em>&#8221;Skarp brand!&#8221;<\/em> eller <em>&#8221;Skarp skada!&#8221;<\/em>.<\/p>\n\n\n\n<p><strong>Skarp skada!<\/strong> \u2013 Om n\u00e5gon skadar sig allvarligt och spelet m\u00e5ste avbrytas ropar man <em>&#8221;Skarp skada!&#8221;<\/em>. Alla i n\u00e4rheten upprepar ropet och pekar i riktningen d\u00e4r de h\u00f6rde det. Detta hj\u00e4lper sjukv\u00e5rdsansvariga att snabbt hitta platsen. Allt spel ska avbrytas kring den skadade.<\/p>\n\n\n\n<p><strong>Skarp eld!<\/strong> \u2013 Om det b\u00f6rjar brinna offlajv ropar man h\u00f6gt <em>&#8221;Skarp eld!&#8221;<\/em>. D\u00e4refter p\u00e5b\u00f6rjas s\u00e4kerhetsrutinen: <strong>R\u00e4dda \u2013 Varna \u2013 Larma \u2013 Sl\u00e4ck<\/strong>.<\/p>\n\n\n\n<p><strong>Off<\/strong> \u2013 Anv\u00e4nds f\u00f6r att klarg\u00f6ra n\u00e5got utanf\u00f6r spelet eller som stoppord om n\u00e5got k\u00e4nns obehagligt. Exempelvis:<\/p>\n\n\n\n<p><em>&#8221;Off \u2013 Jag tycker inte detta \u00e4r kul.&#8221;<\/em><\/p>\n\n\n\n<p><em>&#8221;Off \u2013 Jag m\u00e5ste verkligen g\u00e5 p\u00e5 toaletten, f\u00e5r jag komma f\u00f6rbi?&#8221;<\/em><br><strong>Viktigt!<\/strong> Ordet &#8221;off&#8221; f\u00e5r aldrig anv\u00e4ndas f\u00f6r att ge en spelare f\u00f6rdelar inlajv, utan endast n\u00e4r det finns ett faktiskt behov av att g\u00e5 ur spelet.<\/p>\n","protected":false},"excerpt":{"rendered":"<p>Inom lajvhobbyn anv\u00e4nds en rad specifika ord och begrepp. H\u00e4r har vi samlat de termer som \u00e4r mest relevanta f\u00f6r v\u00e5rt lajv. Roller och funktioner Begrepp kring spel och fiktion Viktiga s\u00e4kerhetsord Superkraft + beskrivning \u2013 En metateknik som anv\u00e4nds f\u00f6r att visa att en superkraft aktiveras. Den som anv\u00e4nder en superkraft s\u00e4ger tydligt &#8221;Superkraft!&#8221;&#8230;<\/p>\n","protected":false},"author":1,"featured_media":0,"parent":0,"menu_order":0,"comment_status":"closed","ping_status":"closed","template":"","meta":{"footnotes":""},"class_list":["post-85","page","type-page","status-publish","hentry"],"_links":{"self":[{"href":"https:\/\/hfs.berghemsvanner.se\/index.php?rest_route=\/wp\/v2\/pages\/85","targetHints":{"allow":["GET"]}}],"collection":[{"href":"https:\/\/hfs.berghemsvanner.se\/index.php?rest_route=\/wp\/v2\/pages"}],"about":[{"href":"https:\/\/hfs.berghemsvanner.se\/index.php?rest_route=\/wp\/v2\/types\/page"}],"author":[{"embeddable":true,"href":"https:\/\/hfs.berghemsvanner.se\/index.php?rest_route=\/wp\/v2\/users\/1"}],"replies":[{"embeddable":true,"href":"https:\/\/hfs.berghemsvanner.se\/index.php?rest_route=%2Fwp%2Fv2%2Fcomments&post=85"}],"version-history":[{"count":7,"href":"https:\/\/hfs.berghemsvanner.se\/index.php?rest_route=\/wp\/v2\/pages\/85\/revisions"}],"predecessor-version":[{"id":200,"href":"https:\/\/hfs.berghemsvanner.se\/index.php?rest_route=\/wp\/v2\/pages\/85\/revisions\/200"}],"wp:attachment":[{"href":"https:\/\/hfs.berghemsvanner.se\/index.php?rest_route=%2Fwp%2Fv2%2Fmedia&parent=85"}],"curies":[{"name":"wp","href":"https:\/\/api.w.org\/{rel}","templated":true}]}}