{"id":98,"date":"2025-03-26T11:55:25","date_gmt":"2025-03-26T11:55:25","guid":{"rendered":"https:\/\/hfs.berghemsvanner.se\/?page_id=98"},"modified":"2026-02-06T12:30:21","modified_gmt":"2026-02-06T12:30:21","slug":"mat","status":"publish","type":"page","link":"https:\/\/hfs.berghemsvanner.se\/?page_id=98","title":{"rendered":"Mat"},"content":{"rendered":"\n<h2 class=\"wp-block-heading\">Vilka m\u00e5ltider ing\u00e5r:<\/h2>\n\n\n\n<p><span style=\"text-decoration: underline;\"><strong>L\u00f6rdag<\/strong><\/span><\/p>\n\n\n\n<p><strong>Lunch<\/strong>: <em>Makaroner och k\u00f6ttbullar med gr\u00f6nsaker<\/em><\/p>\n\n\n\n<p><strong>Mellanm\u00e5l<\/strong>: <em>Frukt<\/em><\/p>\n\n\n\n<p><strong>Middag<\/strong>: <em>Hamburgare<\/em> med <em>br\u00f6d och gr\u00f6nsaker<\/em><\/p>\n\n\n\n<p><strong>Kv\u00e4llsmat<\/strong>: <em>Kv\u00e4llsmacka med nyponsoppa eller bl\u00e5b\u00e4rssoppa<\/em><\/p>\n\n\n\n<p><span style=\"text-decoration: underline;\"><strong>S\u00f6ndag<\/strong>:<\/span><\/p>\n\n\n\n<p><strong>Frukost<\/strong>: <em>Macka och dryck<\/em><\/p>\n\n\n\n<h2 class=\"wp-block-heading\">Allergier och specialkost<\/h2>\n\n\n\n<p>Det finns tre alternativ i anm\u00e4lan: K\u00f6tt, Vegetariskt, Veganskt.<\/p>\n\n\n\n<p>All mat kommer vara laktosfritt och vi kommer g\u00f6ra v\u00e5rt b\u00e4sta att tillgodose allas allergier. Om det av n\u00e5gon anledning inte g\u00e5r att l\u00f6sa s\u00e5 kommer vi kontakta er och titta p\u00e5 en annan l\u00f6sning.<\/p>\n\n\n\n<p>T\u00e4nk p\u00e5 att det \u00e4r skillnad mellan att &#8221;\u00e4ter inte tomater&#8221; och &#8221;t\u00e5l inte tomater&#8221;.<\/p>\n\n\n\n<figure class=\"wp-block-image\"><img decoding=\"async\" src=\"https:\/\/lh7-rt.googleusercontent.com\/slidesz\/AGV_vUd7DwpFYRttUGY62VYcMg2qSjfYZmnNQrVCytaNwOhmjG8I_lBMfU71KFqN6G7M3evFwdC2MqY44Wb5MRNCIraGH3a-vYpQEFhmRuGndAOdVpA_g-aeBZwanQ7AYvjY_d-4aqQDt1B7cnX3y88T4yo=s2048?key=fP02YJYZvM6RIMOhVfej5lsQ\" alt=\"\"\/><\/figure>\n\n\n\n<h2 class=\"wp-block-heading\">K\u00f6ksansvarig<\/h2>\n\n\n\n<p>Ida Eberg <\/p>\n\n\n\n<p><strong>Kontakt:<\/strong><\/p>\n\n\n\n<p>Facebook: <a href=\"https:\/\/www.facebook.com\/ieberg\">Tryck h\u00e4r<\/a> <\/p>\n\n\n\n<p>Mail: hfs@berghemsvanner.se<\/p>\n\n\n\n<p>0733663730 (n\u00e5s enklast mellan 17.00-21.00)<\/p>\n\n\n\n<p><\/p>\n\n\n\n<p><\/p>\n\n\n\n<p><\/p>\n","protected":false},"excerpt":{"rendered":"<p>Vilka m\u00e5ltider ing\u00e5r: L\u00f6rdag Lunch: Makaroner och k\u00f6ttbullar med gr\u00f6nsaker Mellanm\u00e5l: Frukt Middag: Hamburgare med br\u00f6d och gr\u00f6nsaker Kv\u00e4llsmat: Kv\u00e4llsmacka med nyponsoppa eller bl\u00e5b\u00e4rssoppa S\u00f6ndag: Frukost: Macka och dryck Allergier och specialkost Det finns tre alternativ i anm\u00e4lan: K\u00f6tt, Vegetariskt, Veganskt. All mat kommer vara laktosfritt och vi kommer g\u00f6ra v\u00e5rt b\u00e4sta att tillgodose allas&#8230;<\/p>\n","protected":false},"author":1,"featured_media":0,"parent":0,"menu_order":0,"comment_status":"closed","ping_status":"closed","template":"","meta":{"footnotes":""},"class_list":["post-98","page","type-page","status-publish","hentry"],"_links":{"self":[{"href":"https:\/\/hfs.berghemsvanner.se\/index.php?rest_route=\/wp\/v2\/pages\/98","targetHints":{"allow":["GET"]}}],"collection":[{"href":"https:\/\/hfs.berghemsvanner.se\/index.php?rest_route=\/wp\/v2\/pages"}],"about":[{"href":"https:\/\/hfs.berghemsvanner.se\/index.php?rest_route=\/wp\/v2\/types\/page"}],"author":[{"embeddable":true,"href":"https:\/\/hfs.berghemsvanner.se\/index.php?rest_route=\/wp\/v2\/users\/1"}],"replies":[{"embeddable":true,"href":"https:\/\/hfs.berghemsvanner.se\/index.php?rest_route=%2Fwp%2Fv2%2Fcomments&post=98"}],"version-history":[{"count":10,"href":"https:\/\/hfs.berghemsvanner.se\/index.php?rest_route=\/wp\/v2\/pages\/98\/revisions"}],"predecessor-version":[{"id":206,"href":"https:\/\/hfs.berghemsvanner.se\/index.php?rest_route=\/wp\/v2\/pages\/98\/revisions\/206"}],"wp:attachment":[{"href":"https:\/\/hfs.berghemsvanner.se\/index.php?rest_route=%2Fwp%2Fv2%2Fmedia&parent=98"}],"curies":[{"name":"wp","href":"https:\/\/api.w.org\/{rel}","templated":true}]}}